{"id":15868,"date":"2020-07-21T07:34:29","date_gmt":"2020-07-21T05:34:29","guid":{"rendered":"http:\/\/kkre.hu\/wpm\/?page_id=15868"},"modified":"2020-07-21T07:38:30","modified_gmt":"2020-07-21T05:38:30","slug":"2019-gyulekezeti-csendes-het-tahi","status":"publish","type":"page","link":"https:\/\/kkre.hu\/wpm\/2019-gyulekezeti-csendes-het-tahi\/","title":{"rendered":"2019. Gy\u00fclekezeti csendes h\u00e9t, Tahi"},"content":{"rendered":"<p><strong>Besz\u00e1mol\u00f3 a gy\u00fclekezet ny\u00e1ri csendes het\u00e9r\u0151l<\/strong><\/p> <p><strong>Tahi, 2019. j\u00falius 1-7. <\/strong><\/p> <p>&nbsp;<\/p> <p>J\u00falius els\u0151 het\u00e9re, id\u00e9n imm\u00e1r 6. alkalommal a tahi <strong>Sion Hegye Reform\u00e1tus Konferencia-k\u00f6zpont<\/strong>ban tal\u00e1ltunk helyet gy\u00fclekezet\u00fcnk t\u00e1bor\u00e1nak. Az \u00dar kegyelm\u00e9b\u0151l mintegy harminc\u00f6ten gy\u0171lhett\u00fcnk \u00f6ssze.<\/p> <p>A h\u00e9t t\u00e9m\u00e1ja J\u00e1nos evang\u00e9liuma 12. fejezete volt. Vez\u00e9rgondolatk\u00e9nt \u201eHa valaki nekem szolg\u00e1l, engem k\u00f6vessen; \u00e9s ahol \u00e9n vagyok, ott lesz az \u00e9n szolg\u00e1m is; \u00e9s ha valaki nekem szolg\u00e1l, azt megbecs\u00fcli az Atya. (Jn 12:26) \u201d bibliai igevers sz\u00f3lt.<\/p> <p>H\u00e9tf\u0151t\u0151l vas\u00e1rnapig nagyon gazdag program v\u00e1rt a t\u00e1borban felt\u00f6lt\u0151dni v\u00e1gy\u00f3 35 r\u00e9sztvev\u0151re. Testi-lelki fel\u00fcd\u00fcl\u00e9sben r\u00e9szes\u00fclhett\u00fcnk; bar\u00e1ts\u00e1gok alakulhattak \u00e9s m\u00e9ly\u00fclhettek; megismerhett\u00fck egym\u00e1s v\u00e9lem\u00e9ny\u00e9t &#8211; ami term\u00e9szetesen nem mindig egyezett a saj\u00e1tunkkal, tapasztalhattuk, hogy az \u00fcd\u00fcl\u0151 neve val\u00f3s\u00e1g: <strong>megb\u00e9k\u00e9lhett\u00fcnk Istennel.<\/strong><\/p> <p>A csoportok feladata az volt, hogy d\u00e9lel\u0151tt\u00f6nk\u00e9nt a kijel\u00f6lt igeszakaszr\u00f3l elm\u00e9lkedjenek, gondolatokat cser\u00e9ljenek.<\/p> <p>A szerdai napon a d\u00e9lel\u0151tti el\u0151ad\u00e1st a <strong>Zsinati Misszi\u00f3i Iroda<\/strong> projektkoordin\u00e1tora, <strong>Nasz\u00e1di Krisztina<\/strong> tartotta. Besz\u00e9lt:<\/p> <p>&#8211; a reform\u00e1tus gy\u00fclekezetekben foly\u00f3 cig\u00e1nymisszi\u00f3s munka lehet\u0151s\u00e9geir\u0151l, \u00e1ld\u00e1sair\u00f3l<\/p> <p>&#8211; a <strong>Roma inkl\u00fazi\u00f3 a reform\u00e1tus iskol\u00e1kban<\/strong> programr\u00f3l \u00e9s a k\u00e9s\u0151bbi inkl\u00fazi\u00f3s iskolafejleszt\u00e9si lehet\u0151s\u00e9gekr\u0151l.<\/p> <p>Cs\u00fct\u00f6rt\u00f6k\u00f6n, a d\u00e9lel\u0151tti \u00f3r\u00e1kban a Reform\u00e1tus Misszi\u00f3i K\u00f6zpont keret\u00e9ben vakmisszi\u00f3s szolg\u00e1latot v\u00e9gz\u0151 <strong>Durgonics Tam\u00e1s<\/strong> l\u00e1togatott el a t\u00e1boroz\u00f3khoz seg\u00edt\u0151t\u00e1rs\u00e1val, Lucky nev\u0171 kuty\u00e1j\u00e1val. Tam\u00e1s mes\u00e9lt az \u00e9let\u00e9r\u0151l, szolg\u00e1lat\u00e1r\u00f3l, mindennapi neh\u00e9zs\u00e9geir\u0151l, \u00e9s Istennel val\u00f3 szoros kapcsolat\u00e1r\u00f3l.<\/p> <p>Elmaradhatatlan volt a zene, az \u00e9nekl\u00e9s jelenl\u00e9te a h\u00e9ten. Istent magasztalt\u00e1k az \u00e9nekek, tiszta sz\u00edvb\u0151l sz\u00e1rnyaltak, olyan sz\u00edvb\u0151l, amely telve van Isten ir\u00e1nti szeretettel \u00e9s odaad\u00e1ssal.<\/p> <p>Persze a sok szellemi \u00e9s hitbeli felfriss\u00fcl\u00e9s mellett arra is maradt id\u0151, hogy pihenj\u00fcnk \u00e9s sz\u00f3rakozzunk. Szerda d\u00e9lut\u00e1n a V\u00e1cr\u00e1t\u00f3ti Botanikus kertben vett\u00fcnk r\u00e9szt a <strong>Biblia n\u00f6v\u00e9nyei<\/strong> tans\u00e9t\u00e1n. A tans\u00e9t\u00e1n a vezet\u0151nk a Biblia gyakoribb n\u00f6v\u00e9nyeit, botanikai jellegzetess\u00e9g\u00fcket, kultur\u00e1lis jelent\u0151s\u00e9g\u00fcket mutatta be a c\u00e9drust\u00f3l a sz\u0151l\u0151ig, a mirh\u00e1t\u00f3l a m\u00e1riat\u00f6visig.&nbsp; A s\u00e9ta\u00fat v\u00e9g\u00e9re nemcsak a n\u00f6v\u00e9nyek felhaszn\u00e1l\u00e1s\u00e1r\u00f3l \u00e9s jelk\u00e9prendszer\u00fckr\u0151l, valamint az \u00f3kori mez\u0151gazd\u00e1lkod\u00e1sr\u00f3l kaptunk r\u00f6vid \u00edzel\u00edt\u0151t, hanem a szerzett ismeretek a k\u00e9s\u0151bbiekben &nbsp;abban is seg\u00edthetnek, hogy a Szent\u00edr\u00e1s pontosabb \u00e9rtelmez\u00e9s\u00e9vel k\u00f6zelebb ker\u00fclj\u00fcnk Isten Ig\u00e9j\u00e9hez, \u00e9s jobban meg\u00e9rts\u00fck annak \u00fczenet\u00e9t.<\/p> <p>A t\u00e1boroz\u00f3k a d\u00e9lut\u00e1ni szabadid\u0151t minden nap a <strong>dunabogd\u00e1nyi strandon<\/strong> t\u00f6lthett\u00e9k el. Est\u00e9nk\u00e9nt az evangeliz\u00e1ci\u00f3 ut\u00e1n volt lehet\u0151s\u00e9g t\u00e1rsasj\u00e1t\u00e9kozni, besz\u00e9lgetni, vagy egy\u00e9b m\u00f3don elt\u00f6lteni lefekv\u00e9sig az id\u0151t.<\/p> <p>Szombaton egy vid\u00e1m hangulat\u00fa <strong>t\u00e1bort\u0171z<\/strong> koron\u00e1zta meg a hetet. A h\u00e9t z\u00e1r\u00e1sa, \u00fcnnepi alkalma a vas\u00e1rnap d\u00e9lel\u0151tti <strong>Istentisztelet<\/strong> volt <strong>\u00farvacsorai k\u00f6z\u00f6ss\u00e9ggel, amikor<\/strong> F\u00f3nagy Mikl\u00f3s nyugd\u00edjas esperes \u00far hirdette az ig\u00e9t \u00e9s lelkip\u00e1sztorunk osztotta a szent jegyeket.<\/p> <p>K\u00f6sz\u00f6nj\u00fck Istennek mindazt a csod\u00e1latos \u00e9lm\u00e9nyt, amivel megaj\u00e1nd\u00e9kozott benn\u00fcnket a h\u00e9t folyam\u00e1n. K\u00f6sz\u00f6nj\u00fck a k\u00f6z\u00f6ss\u00e9get, a d\u00e9lel\u0151tti besz\u00e9lget\u00e9sek lelki aj\u00e1nd\u00e9kait, a bar\u00e1taink nevet\u00e9s\u00e9t, a nap sugar\u00e1t az arcunkon, a kir\u00e1ndul\u00e1s \u00f6r\u00f6m\u00e9t, a t\u00e1bort\u0171z f\u00e9ny\u00e9t, a k\u00f6z\u00f6s \u00e9neket \u00e9s mindazt, amit ezen a h\u00e9ten kaptunk.<\/p> <p>&nbsp;<\/p> <p>&nbsp;<\/p> <p><strong>&nbsp;<\/strong><\/p> ","protected":false},"excerpt":{"rendered":"<p>Besz\u00e1mol\u00f3 a gy\u00fclekezet ny\u00e1ri csendes het\u00e9r\u0151l Tahi, 2019. j\u00falius 1-7. &nbsp; J\u00falius els\u0151 het\u00e9re, id\u00e9n imm\u00e1r 6. alkalommal a tahi Sion Hegye Reform\u00e1tus Konferencia-k\u00f6zpontban tal\u00e1ltunk helyet gy\u00fclekezet\u00fcnk t\u00e1bor\u00e1nak. Az \u00dar kegyelm\u00e9b\u0151l mintegy harminc\u00f6ten gy\u0171lhett\u00fcnk \u00f6ssze. A h\u00e9t t\u00e9m\u00e1ja J\u00e1nos evang\u00e9liuma 12. fejezete volt. Vez\u00e9rgondolatk\u00e9nt \u201eHa valaki nekem szolg\u00e1l, engem k\u00f6vessen; \u00e9s ahol \u00e9n vagyok, ott&hellip;<\/p>\n","protected":false},"author":15,"featured_media":0,"parent":0,"menu_order":0,"comment_status":"closed","ping_status":"closed","template":"","meta":[],"acf":[],"_links":{"self":[{"href":"https:\/\/kkre.hu\/wpm\/wp-json\/wp\/v2\/pages\/15868"}],"collection":[{"href":"https:\/\/kkre.hu\/wpm\/wp-json\/wp\/v2\/pages"}],"about":[{"href":"https:\/\/kkre.hu\/wpm\/wp-json\/wp\/v2\/types\/page"}],"author":[{"embeddable":true,"href":"https:\/\/kkre.hu\/wpm\/wp-json\/wp\/v2\/users\/15"}],"replies":[{"embeddable":true,"href":"https:\/\/kkre.hu\/wpm\/wp-json\/wp\/v2\/comments?post=15868"}],"version-history":[{"count":2,"href":"https:\/\/kkre.hu\/wpm\/wp-json\/wp\/v2\/pages\/15868\/revisions"}],"predecessor-version":[{"id":15870,"href":"https:\/\/kkre.hu\/wpm\/wp-json\/wp\/v2\/pages\/15868\/revisions\/15870"}],"wp:attachment":[{"href":"https:\/\/kkre.hu\/wpm\/wp-json\/wp\/v2\/media?parent=15868"}],"curies":[{"name":"wp","href":"https:\/\/api.w.org\/{rel}","templated":true}]}}