{"id":15872,"date":"2020-07-21T14:43:20","date_gmt":"2020-07-21T12:43:20","guid":{"rendered":"http:\/\/kkre.hu\/wpm\/?page_id=15872"},"modified":"2021-01-08T11:35:05","modified_gmt":"2021-01-08T10:35:05","slug":"2020-gyulekezeti-gyermektabor-beszamolo","status":"publish","type":"page","link":"https:\/\/kkre.hu\/wpm\/2020-gyulekezeti-gyermektabor-beszamolo\/","title":{"rendered":"2020. Gy\u00fclekezeti gyermekt\u00e1bor besz\u00e1mol\u00f3"},"content":{"rendered":"<p><img loading=\"lazy\" class=\"alignnone \" src=\"https:\/\/bgazrt.hu\/wp-content\/uploads\/2019\/12\/megvalosult_magyarorszag_kormanyanak_tamogatasaval_2020.jpg\" width=\"680\" height=\"177\" \/><\/p> <p><strong>Kih\u00edv\u00e1sok a piramisok f\u00f6ldj\u00e9n-J\u00f3zsef t\u00f6rt\u00e9nete<\/strong><\/p> <p><strong>\u00a0<\/strong><\/p> <p>Idei gyermekt\u00e1borunk k\u00fcl\u00f6nleges aj\u00e1nd\u00e9k volt: a v\u00e1rttal ellent\u00e9tben lehet\u0151s\u00e9g\u00fcnk ny\u00edlt m\u00e9gis megtartanunk. J\u00f3l ismert helyre ment\u00fcnk j\u00fanius utols\u00f3 het\u00e9ben t\u00e1borozni gy\u00fclekezet\u00fcnk gyermekeivel, hisz Gyenesdi\u00e1son m\u00e1r t\u00f6bbsz\u00f6r j\u00e1rtunk. A Vad\u00f3ctanya Ifj\u00fas\u00e1gi T\u00e1borhelyre esett id\u00e9n is a v\u00e1laszt\u00e1s. Sz\u00e9p a k\u00f6rnyezet, \u00e9s a Balaton k\u00f6zels\u00e9ge fontos a ny\u00e1ri k\u00e1nikul\u00e1ban. A Szeremlei Reform\u00e1tus Egyh\u00e1zk\u00f6zs\u00e9g k\u00fcld\u00f6tts\u00e9g\u00e9vel egy\u00fctt 59-en vettek r\u00e9szt a gyermekt\u00e1bor alkalmain.<\/p> <p>Az idei t\u00e1bor mott\u00f3ja:<\/p> <p><strong>Kih\u00edv\u00e1sok a piramisok f\u00f6ldj\u00e9n-J\u00f3zsef t\u00f6rt\u00e9nete, <\/strong>Bibliai alapig\u00e9je pedig:<\/p> <p><strong>&#8220;Ti rosszat terveztetek ellenem, de Isten terve j\u00f3ra ford\u00edtotta azt.&#8221; (1 M\u00f3z. 50:20) <\/strong>volt<strong>.<\/strong><\/p> <p><strong>\u00a0<\/strong><\/p> <p>A reggeli k\u00f6z\u00f6s \u00e9nektanul\u00e1st k\u00f6vet\u0151en d\u00e9lel\u0151tt\u00f6nk\u00e9nt 5 csoportban dolgoztuk fel J\u00f3zsef t\u00f6rt\u00e9net\u00e9t. Szerepj\u00e1t\u00e9kkal, feladatlapok kit\u00f6lt\u00e9s\u00e9vel, di\u00e1k seg\u00edts\u00e9g\u00e9vel ismerkedt\u00fcnk vagy eleven\u00edtett\u00fck fel a t\u00f6rt\u00e9net egyes r\u00e9szleteit. Igyekezt\u00fcnk, hogy mindezekben t\u00fckr\u00f6z\u0151dj\u00f6n a t\u00f6rt\u00e9net \u00fczenete, melyet J\u00f3zsef maga \u00edgy fogalmazott meg testv\u00e9reinek: \u201eTi rosszat terveztetek ellenem, de Isten terve j\u00f3ra ford\u00edtotta azt.\u201d (1M\u00f3z 50,20) Az esti \u00e1h\u00edtatokon, interakt\u00edv m\u00f3don rendszerezt\u00fck a d\u00e9lel\u0151tt megszerzett ismereteket, \u00e9s heged\u0171, git\u00e1r, ukulele, harsona, zongora hangja mellett lelkesen \u00e9nekelt\u00fcnk a t\u00e1borra \u00f6ssze\u00e1ll\u00edtott \u00e9nekf\u00fczetb\u0151l.<\/p> <p>Aj\u00e1nd\u00e9kk\u00e9nt \u00e9lt\u00fck meg, hogy egyetlen d\u00e9lut\u00e1n kiv\u00e9tel\u00e9vel minden nap ver\u0151f\u00e9nyes naps\u00fct\u00e9s fogadott minket, \u00edgy nem kellett lemondani a j\u00f3kedv\u0171 strandol\u00e1sr\u00f3l. A legnagyobb felfriss\u00fcl\u00e9st a minden napi csobban\u00e1s jelentette, ami igazi \u00e1ld\u00e1s volt a forr\u00f3s\u00e1gban. A strandrahangol\u00f3 d\u00e9lut\u00e1ni fagyiz\u00e1s id\u00e9n sem maradt el: a Bringatanya Fagylaltm\u0171hely d\u00edjnyertes k\u00fcl\u00f6nlegess\u00e9gei k\u00f6z\u00fcl v\u00e1laszthattunk minden alkalommal.<\/p> <p>A k\u00f6z\u00f6ss\u00e9gfejleszt\u00e9s fontos c\u00e9lja volt a gyermekt\u00e1bornak. Elmondhatjuk, hogy a csapat igaz\u00e1n soksz\u00edn\u0171 volt: fi\u00fak \u00e9s l\u00e1nyok, kisebbek \u00e9s nagyobbak. \u00dczenetk\u00e9nt hozhattuk haza, hogy k\u00fcl\u00f6nb\u00f6z\u0151s\u00e9g\u00fcnk mellett is mindny\u00e1jan Isten gyermekei vagyunk. Fontosnak tartottuk, hogy k\u00fcl\u00f6nb\u00f6z\u0151 \u00e9vfolyamokr\u00f3l v\u00e1logassuk \u00f6ssze a gyermekeket a csoportokba, hogy jobban ismerj\u00e9k meg egym\u00e1st, ezzel kialak\u00edtva egy k\u00f6z\u00f6ss\u00e9get.<\/p> <p>K\u00f6sz\u00f6nj\u00fck gy\u00fclekezet\u00fcnk \u00e9s a sz\u00fcl\u0151k term\u00e9szetbeni hozz\u00e1j\u00e1rul\u00e1s\u00e1t, az akt\u00edv hittanoktat\u00f3i csoport szolg\u00e1lat\u00e1t, a Vad\u00f3ctanya szolg\u00e1l\u00f3 k\u00f6z\u00f6ss\u00e9g\u00e9nek al\u00e1zatos munk\u00e1j\u00e1t! Ism\u00e9t nagyon j\u00f3l \u00e9rezt\u00fck magunkat, \u00e9s egy\u00fctt tudtunk \u00f6r\u00fclni egym\u00e1snak, az \u00e9letnek, Isten\u00fcnknek.<\/p> <p>Nagyon gazdag, tartalmas, v\u00e1ltozatos, \u00e9s Isten\u00fcnk \u00e1ltal meg\u00e1ldott h\u00e9t volt. Rem\u00e9nyeink szerint a k\u00f6vetkez\u0151 tan\u00e9vben is tudunk ilyen t\u00e1bort szervezni.<\/p> <p><strong>A gyermekt\u00e1borban k\u00e9sz\u00fclt f\u00e9nyk\u00e9pek megtekinthet\u0151ek az &#8220;\u00c9letk\u00e9pek&#8221; f\u00e9nyk\u00e9pgal\u00e9ri\u00e1nkban, vagy <a href=\"https:\/\/kkre.hu\/wpm\/galeria\/?id=15928\">k\u00f6zvetlen\u00fcl erre a linkre kattintva<\/a>.<\/strong><\/p> ","protected":false},"excerpt":{"rendered":"<p>Kih\u00edv\u00e1sok a piramisok f\u00f6ldj\u00e9n-J\u00f3zsef t\u00f6rt\u00e9nete \u00a0 Idei gyermekt\u00e1borunk k\u00fcl\u00f6nleges aj\u00e1nd\u00e9k volt: a v\u00e1rttal ellent\u00e9tben lehet\u0151s\u00e9g\u00fcnk ny\u00edlt m\u00e9gis megtartanunk. J\u00f3l ismert helyre ment\u00fcnk j\u00fanius utols\u00f3 het\u00e9ben t\u00e1borozni gy\u00fclekezet\u00fcnk gyermekeivel, hisz Gyenesdi\u00e1son m\u00e1r t\u00f6bbsz\u00f6r j\u00e1rtunk. A Vad\u00f3ctanya Ifj\u00fas\u00e1gi T\u00e1borhelyre esett id\u00e9n is a v\u00e1laszt\u00e1s. Sz\u00e9p a k\u00f6rnyezet, \u00e9s a Balaton k\u00f6zels\u00e9ge fontos a ny\u00e1ri k\u00e1nikul\u00e1ban. A Szeremlei&hellip;<\/p>\n","protected":false},"author":15,"featured_media":0,"parent":0,"menu_order":0,"comment_status":"closed","ping_status":"closed","template":"","meta":[],"acf":[],"_links":{"self":[{"href":"https:\/\/kkre.hu\/wpm\/wp-json\/wp\/v2\/pages\/15872"}],"collection":[{"href":"https:\/\/kkre.hu\/wpm\/wp-json\/wp\/v2\/pages"}],"about":[{"href":"https:\/\/kkre.hu\/wpm\/wp-json\/wp\/v2\/types\/page"}],"author":[{"embeddable":true,"href":"https:\/\/kkre.hu\/wpm\/wp-json\/wp\/v2\/users\/15"}],"replies":[{"embeddable":true,"href":"https:\/\/kkre.hu\/wpm\/wp-json\/wp\/v2\/comments?post=15872"}],"version-history":[{"count":3,"href":"https:\/\/kkre.hu\/wpm\/wp-json\/wp\/v2\/pages\/15872\/revisions"}],"predecessor-version":[{"id":16814,"href":"https:\/\/kkre.hu\/wpm\/wp-json\/wp\/v2\/pages\/15872\/revisions\/16814"}],"wp:attachment":[{"href":"https:\/\/kkre.hu\/wpm\/wp-json\/wp\/v2\/media?parent=15872"}],"curies":[{"name":"wp","href":"https:\/\/api.w.org\/{rel}","templated":true}]}}