{"id":16348,"date":"2020-12-20T18:06:10","date_gmt":"2020-12-20T17:06:10","guid":{"rendered":"http:\/\/kkre.hu\/wpm\/?page_id=16348"},"modified":"2020-12-20T18:06:43","modified_gmt":"2020-12-20T17:06:43","slug":"karacsonyi-level","status":"publish","type":"page","link":"https:\/\/kkre.hu\/wpm\/karacsonyi-level\/","title":{"rendered":"Kar\u00e1csonyi lev\u00e9l"},"content":{"rendered":"<div style=\"width: 680px; text-align: justify;\"> <h2 class=\"p1\" style=\"text-align: center;\"><span class=\"s1\"><b>KAR\u00c1CSONY &#8211; 2020<\/b><\/span><\/h2> <p class=\"p3\" style=\"text-align: center;\">\u201eBoldog, aki elhitte, hogy beteljesedik mindaz, amit az \u00dar mondott neki.\u201d<\/p> <p class=\"p4\" style=\"text-align: center;\">Luk\u00e1cs: 1, 45<\/p> <p class=\"p6\" style=\"text-align: left;\">Kedves Testv\u00e9rek!<\/p> <p class=\"p7\">A fenti Ige az \u00e1ldott \u00e1llapotban lev\u0151 Erzs\u00e9bet, Keresztel\u0151 J\u00e1nos \u00e9desanyj\u00e1nak bizonys\u00e1gt\u00e9tele. Egy olyan asszony\u00e9, aki egy k\u00fcl\u00f6nleges helyzetben tapasztalta meg Isten szeretet\u00e9t: id\u0151s kor\u00e1ban sz\u00f3l\u00edtotta meg Isten f\u00e9rj\u00e9t Zakari\u00e1st \u00e9s \u00edg\u00e9rt gyermeket. \u00c9s ez a magzat, amikor Erzs\u00e9betet megl\u00e1togatja M\u00e1ria ujjongva mozdul meg m\u00e9h\u00e9ben. A magzat J\u00e1nos m\u00e1r ujjong a m\u00e1sik magzatnak, J\u00e9zusnak, akinek majd az \u00fatj\u00e1t fogja k\u00e9sz\u00edteni. A fel\u00fcletes szeml\u00e9l\u0151 csak egy v\u00e1rand\u00f3s id\u0151s asszonyt l\u00e1t, akit megl\u00e1togat egy fiatalasszony! Mi tudhatjuk Isten ig\u00e9j\u00e9b\u0151l, hogy az \u00datk\u00e9sz\u00edt\u0151 \u00f6rvendezik a Megv\u00e1lt\u00f3 l\u00e1togat\u00e1s\u00e1nak. Mindez mi\u00e9rt t\u00f6rt\u00e9nik, mert Erzs\u00e9bet \u00e9s M\u00e1ria meghallott\u00e1k Isten nekik sz\u00f3l\u00f3 ig\u00e9j\u00e9t! K\u00fcl\u00f6nleges ig\u00e9k voltak ezek, hiszen arr\u00f3l sz\u00f3ltak, hogy Istennek milyen fontos ez a vil\u00e1g, benne a b\u0171n\u00f6s ember. Nem feledkezett el \u00edg\u00e9ret\u00e9r\u0151l, hogy szabad\u00edt\u00f3t ad! Isten terv\u00e9nek megval\u00f3sul\u00e1s\u00e1ban pedig \u0151k fontos feladatot kaptak.<\/p> <p class=\"p7\">A feladat terh\u00e9nek hordoz\u00e1sa k\u00f6zben \u2013 hiszen egy id\u0151s asszony, aki m\u00e1r lemondott arr\u00f3l, hogy gyermeke lesz \u00e9s egy fiatalasszony, aki k\u00e9s\u0151bbre tervezte a gyermekv\u00e1llal\u00e1st \u2013 kider\u00fcl, \u00f6r\u00f6mteli terh\u00fck hordoz\u00e1s\u00e1ban van t\u00e1rsuk, van, aki k\u00f6z\u00f6ss\u00e9get v\u00e1llal vel\u00fck. Van, aki meg\u00e9rti, mit jelent, Isten \u00edg\u00e9ret\u00e9nek beteljes\u00fcl\u00e9se! T\u00e9nyleg lesz gyermek\u00fck az angyali \u00edg\u00e9ret ut\u00e1n! Isten igazat mondott!<\/p> <p class=\"p7\">Erzs\u00e9betet \u00e9s M\u00e1ri\u00e1t imm\u00e1r nemcsak a rokoni sz\u00e1lak k\u00f6tik \u00f6ssze, hanem r\u00e1csod\u00e1lkoznak Isten \u0151ket kiv\u00e1laszt\u00f3 kegyelm\u00e9re! A kegyelemben egy csod\u00e1latos k\u00f6z\u00f6ss\u00e9get tal\u00e1lnak!<\/p> <p class=\"p7\">Ebben az esztend\u0151ben sok neh\u00e9zs\u00e9gbe \u00fctk\u00f6z\u00fcnk, ha a csal\u00e1di, vagy egyh\u00e1zi k\u00f6z\u00f6ss\u00e9get akarjuk meg\u00e9lni. Ez akkor is igaz, ha Egyh\u00e1zk\u00f6zs\u00e9g\u00fcnkben id\u00e9n is minden vas\u00e1rnap volt Istentisztelet a templomban \u00e9s azon volt gy\u00fclekezet is. Sok mindenben korl\u00e1toz benn\u00fcnket a lassan egy \u00e9ve tart\u00f3 pand\u00e9mi\u00e1s j\u00e1rv\u00e1ny. Nem tudjuk mikor, hogyan lesz v\u00e9ge! Sok a bizonytalans\u00e1g! Sok a teher, amit hordozunk! Mindny\u00e1junknak hi\u00e1nyoznak a csal\u00e1di, bar\u00e1ti \u00f6lel\u00e9sek!<\/p> <p class=\"p7\">Isten ig\u00e9je viszont igaz! Erzs\u00e9bet r\u00e1csod\u00e1lkozott arra, hogy beteljesedik az, amit az \u00dar mondott! Mi is b\u00edzhatunk abban, amit az \u00dar J\u00e9zus mondott: nem hagy minket \u00e1rv\u00e1n, visszaj\u00f6n majd hozz\u00e1nk! \u00cdgy k\u00e9sz\u00fcl\u00fcnk Kar\u00e1csonyra: az els\u0151 \u00edg\u00e9ret beteljesedett a Messi\u00e1s megsz\u00fcletett! \u00cdgy \u00e9l\u00fcnk a m\u00e1sodik Adventben, v\u00e1rjuk a m\u00e1sodik \u00edg\u00e9ret beteljesed\u00e9s\u00e9t: Krisztus visszaj\u00f6n \u00edt\u00e9lni \u00e9l\u0151ket \u00e9s holtakat, \u00e9s akkor t\u00f6bb\u00e9 nem lesz t\u00f6bb jajki\u00e1lt\u00e1s, betegs\u00e9g \u00e9s hal\u00e1l! \u00dajj\u00e1 lesz form\u00e1lva a f\u00f6ld!<\/p> <p class=\"p7\">Nincs m\u00e1s dolgunk, mint v\u00e1rni az \u00edg\u00e9ret beteljesed\u00e9s\u00e9t t\u00fcrelemmel, nyugalommal, amint egy kedves \u00e9nek\u00fcnk mondja: \u201enem itt van az \u00e9n \u00f6r\u00f6k haz\u00e1m, szebbet k\u00e9sz\u00edtett J\u00e9zus az v\u00e1r re\u00e1m\u201d.<\/p> <p class=\"p7\">Szeretettel v\u00e1rjuk Testv\u00e9reinket a templomba alkalmainkra. Minden alkalmunkat \u00e9l\u0151ben fogunk k\u00f6zvet\u00edteni honlapunkon a <a href=\"https:\/\/kkre.hu\/wpm\/\"><span class=\"s2\">https:\/\/kkre.hu\/wpm\/<\/span><\/a> kereszt\u00fcl is.<\/p> <p class=\"p7\">A jelenlegi helyzetben, &#8211; ahogy tett\u00fck ezt eddig is-, mindig az \u00e9ppen \u00e9rv\u00e9nyes jogszab\u00e1lyok szerint igyeksz\u00fcnk elj\u00e1rni, err\u0151l a rendr\u0151l r\u00e9szletesebb t\u00e1j\u00e9koztat\u00e1st olvashatnak a honlapunkon.<\/p> <p class=\"p7\">K\u00e9rj\u00fck, figyelj\u00e9k a vas\u00e1rnapi \u00e9s \u00fcnnepi hirdet\u00e9seket is, amik a honlapunkon is olvashat\u00f3k itt mindig t\u00e1j\u00e9koztat\u00e1st adunk, hogy a tervezett alkalmainkb\u00f3l melyek val\u00f3sulhatnak meg!<\/p> <p class=\"p8\" style=\"text-align: center;\"><span class=\"s1\"><b>B<\/b>\u00edzd <b>\u00da<\/b>jra <b>\u00c9<\/b>leted <b>K<\/b>risztusra<\/span><\/p> <h4 class=\"p9\" style=\"text-align: center;\"><span class=\"s3\"><b>Tervezett \u00fcnnepi alkalmaink<\/b><\/span><span class=\"s4\"><b>:<\/b><\/span><\/h4> <p class=\"p11\"><span class=\"s3\" style=\"text-decoration: underline;\"><b>December 20., Advent 4. vas\u00e1rnapja:<\/b><\/span><\/p> <p class=\"p13\"><span class=\"s4\">10 \u00f3ra: <b>Istentisztelet \u00e9s Gyermekistentisztelet, \u00e9nekkar szolg\u00e1lata<\/b><\/span><\/p> <p class=\"p13\"><span class=\"s4\">17 \u00f3ra: <b>Istentisztelet<\/b><\/span><\/p> <p class=\"p11\"><span class=\"s5\" style=\"text-decoration: underline;\"><b>December 21-23., Adventi est\u00e9k 18 \u00e9s 17 \u00f3r\u00e1t\u00f3l a Templomban:<\/b><\/span><\/p> <p class=\"p16\"><span class=\"s4\"><i>H\u00e9tf\u0151 18 \u00f3ra \u2013 Igehirdet\u0151: Szab\u00f3 R\u00e1chel teol\u00f3ga \u2013 6. \u00e9ves gyakornok<\/i><\/span><\/p> <p class=\"p16\"><span class=\"s4\"><i>Kedd 18 \u00f3ra- Igehirdet\u0151: Papp M\u00e1rton seg\u00e9dlelk\u00e9sz<\/i><\/span><\/p> <p class=\"p16\"><span class=\"s4\"><i>Szerda <\/i><b><i>17 \u00f3ra<\/i><\/b><i> \u2013 Igehirdet\u0151: T\u00f3th Sebesty\u00e9n teol\u00f3gus &#8211; \u00fcnnepi leg\u00e1tus<\/i><\/span><\/p> <p class=\"p11\"><span class=\"s3\" style=\"text-decoration: underline;\"><b>December 24., cs\u00fct\u00f6rt\u00f6k 14 \u00f3ra Gy\u00fclekezeti kar\u00e1csony:<\/b><\/span><\/p> <p class=\"p6\"><span class=\"s4\">Gyermekek szolg\u00e1lat\u00e1val &#8211;<i>A gyermekeket aj\u00e1nd\u00e9kcsomag v\u00e1rja a kar\u00e1csonyfa alatt<span class=\"Apple-converted-space\">\u00a0<\/span><\/i><\/span><\/p> <p class=\"p18\"><span class=\"s3\" style=\"text-decoration: underline;\"><b>December 25. p\u00e9ntek, Kar\u00e1csony els\u0151 napja:<\/b><\/span><\/p> <p class=\"p7\"><span class=\"s4\">10 \u00f3ra: <b>\u00dcnnepi Istentisztelet, \u00farvacsora &#8211; <\/b><\/span><span class=\"s6\"><i>Igehirdet\u0151: Harkai Ferenc lelkip\u00e1sztor<\/i><\/span><\/p> <p class=\"p6\"><span class=\"s4\">17 \u00f3ra: <b>Kar\u00e1csonyesti Istentisztelet, \u00farvacsora &#8211; <\/b><\/span><span class=\"s6\"><i>Igehirdet\u0151: Papp M\u00e1rton s.lelk\u00e9sz<\/i><\/span><\/p> <p class=\"p18\"><span class=\"s3\" style=\"text-decoration: underline;\"><b>December 26. szombat, Kar\u00e1csony m\u00e1sod napja:<span class=\"Apple-converted-space\">\u00a0<\/span><\/b><\/span><\/p> <p class=\"p7\"><span class=\"s4\">10 \u00f3ra: <b>\u00dcnnepi Istentisztelet \u00e9s \u00farvacsora<\/b><\/span><\/p> <p class=\"p21\"><span class=\"s4\"><i>Igehirdet\u0151: T\u00f3th Sebesty\u00e9n teol\u00f3gus \u2013 \u00fcnnepi leg\u00e1tus<\/i><\/span><\/p> <p class=\"p11\"><span class=\"s3\" style=\"text-decoration: underline;\"><b>December 27. vas\u00e1rnap, \u2013 10 \u00f3ra \u00e9s 17 \u00f3ra Istentisztelet<\/b><\/span><\/p> <p class=\"p21\"><span class=\"s7\">10 \u00f3ra<b> &#8211; <\/b><\/span><span class=\"s4\"><i>Igehirdet\u0151: Szab\u00f3 R\u00e1chel teol\u00f3ga \u2013 6. \u00e9ves gyakornok<\/i><\/span><\/p> <p class=\"p16\"><span class=\"s7\">17 \u00f3ra<b> &#8211; <\/b><\/span><span class=\"s4\"><i>Igehirdet\u0151: Harkai Ferenc lelkip\u00e1sztor<\/i><\/span><\/p> <p class=\"p11\"><span class=\"s3\" style=\"text-decoration: underline;\"><b>December 31. cs\u00fct\u00f6rt\u00f6k, \u00d3\u00e9v napja \u2013 17 \u00f3ra:<\/b><\/span><\/p> <p class=\"p6\"><span class=\"s4\">17 \u00f3ra:<b> \u00d3\u00e9vi H\u00e1laad\u00f3 Istentisztelet \u00e9s \u00farvacsora<\/b><\/span><\/p> <p class=\"p24\"><span class=\"s4\"><i>Igehirdet\u0151: Harkai Ferenc lelkip\u00e1sztor<\/i><\/span><\/p> <p class=\"p11\"><span class=\"s3\" style=\"text-decoration: underline;\"><b>Janu\u00e1r 1. p\u00e9ntek, \u00daj\u00e9v napja &#8211; 10 \u00f3ra:<span class=\"Apple-converted-space\">\u00a0<\/span><\/b><\/span><\/p> <p class=\"p16\"><span class=\"s7\"><b>\u00daj\u00e9vi \u00fcnnepi Istentisztelet &#8211; <\/b><\/span><span class=\"s4\"><i>Igehirdet\u0151: Harkai Ferenc lelkip\u00e1sztor<\/i><\/span><\/p> <p class=\"p11\"><span class=\"s3\" style=\"text-decoration: underline;\"><b>Janu\u00e1r 10. vas\u00e1rnap, 10 \u00f3ra:<\/b><\/span><\/p> <p class=\"p6\"><span class=\"s4\"><b>Istentisztelet, Lelk\u00e9szi jelent\u00e9s 2020-r\u00f3l &#8211; <\/b><\/span><span class=\"s6\"><i>Igehirdet\u0151: Harkai Ferenc lelkip\u00e1sztor<\/i><\/span><\/p> <p class=\"p7\">Ha szolg\u00e1latunkat sz\u00edvesen t\u00e1mogatj\u00e1k, akkor k\u00f6sz\u00f6nettel fogadjuk kar\u00e1csonyi h\u00e1la\u00e1ldozatukat, egy n\u00e9vvel \u00e9s lakc\u00edmmel ell\u00e1tott lez\u00e1rt bor\u00edt\u00e9kban, amit \u00e1tadhatnak a presbitereknek a templomban, utalhatnak 11719001-20221627 OTP sz\u00e1mlasz\u00e1mra, vagy befizethetik a mell\u00e9kelt csekken is.<\/p> <p class=\"p7\">K\u00f6sz\u00f6nj\u00fck testv\u00e9reink Egyh\u00e1zk\u00f6zs\u00e9g\u00fcnk szolg\u00e1lat\u00e1hoz sz\u00fcks\u00e9ges, Isten ir\u00e1nti h\u00e1l\u00e1b\u00f3l sz\u00e1rmaz\u00f3 adom\u00e1nyait.<\/p> <p class=\"p7\">Szeretettel v\u00e1rjuk az alkalmainkon, hogy egy\u00fctt v\u00e1rjuk az \u00edg\u00e9ret beteljes\u00fcl\u00e9s\u00e9t!<\/p> <p class=\"p7\">Budapest-Kispest, 2020. Adventje<\/p> <p class=\"p7\">\u00a0 \u00a0 \u00a0 \u00a0 \u00a0 \u00c1ld\u00e1s, b\u00e9kess\u00e9g!<\/p> <table style=\"height: 64px;\" border=\"0\" width=\"688\"> <tbody> <tr> <td style=\"text-align: center; border: 0px !important;\">J\u00f3zsa J\u00f3zsef<\/td> <td style=\"text-align: center; border: 0px !important;\">Harkai Ferenc Csaba<\/td> <\/tr> <tr> <td style=\"text-align: center; border: 0px !important;\">kur\u00e1tor<\/td> <td style=\"text-align: center; border: 0px !important;\">lelkip\u00e1sztor<\/td> <\/tr> <\/tbody> <\/table> <\/div> <p><!--more--><\/p> ","protected":false},"excerpt":{"rendered":"<p>KAR\u00c1CSONY &#8211; 2020 \u201eBoldog, aki elhitte, hogy beteljesedik mindaz, amit az \u00dar mondott neki.\u201d Luk\u00e1cs: 1, 45 Kedves Testv\u00e9rek! A fenti Ige az \u00e1ldott \u00e1llapotban lev\u0151 Erzs\u00e9bet, Keresztel\u0151 J\u00e1nos \u00e9desanyj\u00e1nak bizonys\u00e1gt\u00e9tele. Egy olyan asszony\u00e9, aki egy k\u00fcl\u00f6nleges helyzetben tapasztalta meg Isten szeretet\u00e9t: id\u0151s kor\u00e1ban sz\u00f3l\u00edtotta meg Isten f\u00e9rj\u00e9t Zakari\u00e1st \u00e9s \u00edg\u00e9rt gyermeket. \u00c9s ez a&hellip;<\/p>\n","protected":false},"author":7,"featured_media":0,"parent":0,"menu_order":0,"comment_status":"closed","ping_status":"closed","template":"","meta":[],"acf":[],"_links":{"self":[{"href":"https:\/\/kkre.hu\/wpm\/wp-json\/wp\/v2\/pages\/16348"}],"collection":[{"href":"https:\/\/kkre.hu\/wpm\/wp-json\/wp\/v2\/pages"}],"about":[{"href":"https:\/\/kkre.hu\/wpm\/wp-json\/wp\/v2\/types\/page"}],"author":[{"embeddable":true,"href":"https:\/\/kkre.hu\/wpm\/wp-json\/wp\/v2\/users\/7"}],"replies":[{"embeddable":true,"href":"https:\/\/kkre.hu\/wpm\/wp-json\/wp\/v2\/comments?post=16348"}],"version-history":[{"count":4,"href":"https:\/\/kkre.hu\/wpm\/wp-json\/wp\/v2\/pages\/16348\/revisions"}],"predecessor-version":[{"id":16352,"href":"https:\/\/kkre.hu\/wpm\/wp-json\/wp\/v2\/pages\/16348\/revisions\/16352"}],"wp:attachment":[{"href":"https:\/\/kkre.hu\/wpm\/wp-json\/wp\/v2\/media?parent=16348"}],"curies":[{"name":"wp","href":"https:\/\/api.w.org\/{rel}","templated":true}]}}