{"id":16982,"date":"2021-06-06T22:16:25","date_gmt":"2021-06-06T20:16:25","guid":{"rendered":"http:\/\/kkre.hu\/wpm\/?page_id=16982"},"modified":"2021-06-06T22:16:37","modified_gmt":"2021-06-06T20:16:37","slug":"nyari-csendeshetek-2021","status":"publish","type":"page","link":"https:\/\/kkre.hu\/wpm\/nyari-csendeshetek-2021\/","title":{"rendered":"Ny\u00e1ri Csendeshetek 2021"},"content":{"rendered":"<ul> <li>Gyenesdi\u00e1s gyermekek &#8211; ifjak<\/li> <li>Tahi gy\u00fclekezeti h\u00e9t<\/li> <\/ul> ","protected":false},"excerpt":{"rendered":"<p>Gyenesdi\u00e1s gyermekek &#8211; ifjak Tahi gy\u00fclekezeti h\u00e9t<\/p>\n","protected":false},"author":15,"featured_media":0,"parent":0,"menu_order":0,"comment_status":"closed","ping_status":"closed","template":"","meta":[],"acf":[],"_links":{"self":[{"href":"https:\/\/kkre.hu\/wpm\/wp-json\/wp\/v2\/pages\/16982"}],"collection":[{"href":"https:\/\/kkre.hu\/wpm\/wp-json\/wp\/v2\/pages"}],"about":[{"href":"https:\/\/kkre.hu\/wpm\/wp-json\/wp\/v2\/types\/page"}],"author":[{"embeddable":true,"href":"https:\/\/kkre.hu\/wpm\/wp-json\/wp\/v2\/users\/15"}],"replies":[{"embeddable":true,"href":"https:\/\/kkre.hu\/wpm\/wp-json\/wp\/v2\/comments?post=16982"}],"version-history":[{"count":1,"href":"https:\/\/kkre.hu\/wpm\/wp-json\/wp\/v2\/pages\/16982\/revisions"}],"predecessor-version":[{"id":16983,"href":"https:\/\/kkre.hu\/wpm\/wp-json\/wp\/v2\/pages\/16982\/revisions\/16983"}],"wp:attachment":[{"href":"https:\/\/kkre.hu\/wpm\/wp-json\/wp\/v2\/media?parent=16982"}],"curies":[{"name":"wp","href":"https:\/\/api.w.org\/{rel}","templated":true}]}}