{"id":19183,"date":"2023-01-08T20:43:43","date_gmt":"2023-01-08T19:43:43","guid":{"rendered":"https:\/\/kkre.hu\/wpm\/?page_id=19183"},"modified":"2023-01-09T08:31:03","modified_gmt":"2023-01-09T07:31:03","slug":"okumenikus-imahet-kispesti-programja","status":"publish","type":"page","link":"https:\/\/kkre.hu\/wpm\/okumenikus-imahet-kispesti-programja\/","title":{"rendered":"\u00d6KUMENIKUS IMAH\u00c9T KISPESTI PROGRAMJA"},"content":{"rendered":"<p><strong>Janu\u00e1r 15. &#8211; vas\u00e1rnap 17 \u00f3ra<\/strong><br \/> Templom t\u00e9ri reform\u00e1tus templom (Templom t\u00e9r)<br \/> Igehirdet\u0151: Zur\u00f3 J\u00f3zsef gr. katolikus par\u00f3kus<\/p> <p><strong>Janu\u00e1r 16. &#8211; h\u00e9tf\u0151 18 \u00f3ra<\/strong><br \/> G\u00f6r\u00f6g katolikus templom (Kossuth L. u. 10\/a)<br \/> Igehirdet\u0151: Riczinger P\u00e9ter evang\u00e9likus teol\u00f3gus<\/p> <p><strong>Janu\u00e1r 17. &#8211; kedd 18 \u00f3ra<\/strong><br \/> R\u00f3zsat\u00e9ri reform\u00e1tus templom (Jahn F. u. 107.)<br \/> Igehirdet\u0151: Szab\u00f3 J\u00e1nos rk. pl\u00e9b\u00e1nos<\/p> <p><strong>Janu\u00e1r 18. &#8211; szerda 18 \u00f3ra<\/strong><br \/> J\u00e9zus Sz\u00edve templom (\u00c1chim A. u. 78.)<br \/> Igehirdet\u0151: De\u00e1k L\u00e1szl\u00f3 evang\u00e9likus lelkip\u00e1sztor<\/p> <p><strong>Janu\u00e1r 19. &#8211; cs\u00fct\u00f6rt\u00f6k 18 \u00f3ra<\/strong><br \/> Templom t\u00e9ri evang\u00e9likus templom (Templom t\u00e9r 1.)<br \/> Igehirdet\u0151: Ablonczy K\u00e1lm\u00e1n reform\u00e1tus lelkip\u00e1sztor<\/p> <p><strong>Janu\u00e1r 20. &#8211; p\u00e9ntek 17 \u00f3ra<\/strong><br \/> Wekerletelepi r\u00f3mai katolikus k\u00f6z\u00f6ss\u00e9gi h\u00e1z (K\u00f3s K. t\u00e9r 16.)<br \/> Igehirdet\u0151: Forg\u00e1cs Bal\u00e1zs rk. katolikus k\u00e1pl\u00e1n<\/p> <p><strong>Janu\u00e1r 21. &#8211; szombat 17 \u00f3ra<\/strong><br \/> Templom t\u00e9ri r\u00f3mai katolikus templom (Templom t\u00e9r)<br \/> Igehirdet\u0151: Harkai Ferenc reform\u00e1tus lelkip\u00e1sztor<\/p> <p><strong>Janu\u00e1r 22. &#8211; vas\u00e1rnap 17 \u00f3ra<\/strong><br \/> Kispesti baptista gy\u00fclekezet imah\u00e1za (Kisfaludy u. 20.)<br \/> Igehirdet\u0151k: A h\u00e9ten szolg\u00e1l\u00f3 lelkip\u00e1sztorok 3 &#8211; 3 percben<\/p> ","protected":false},"excerpt":{"rendered":"<p>Janu\u00e1r 15. &#8211; vas\u00e1rnap 17 \u00f3ra Templom t\u00e9ri reform\u00e1tus templom (Templom t\u00e9r) Igehirdet\u0151: Zur\u00f3 J\u00f3zsef gr. katolikus par\u00f3kus Janu\u00e1r 16. &#8211; h\u00e9tf\u0151 18 \u00f3ra G\u00f6r\u00f6g katolikus templom (Kossuth L. u. 10\/a) Igehirdet\u0151: Riczinger P\u00e9ter evang\u00e9likus teol\u00f3gus Janu\u00e1r 17. &#8211; kedd 18 \u00f3ra R\u00f3zsat\u00e9ri reform\u00e1tus templom (Jahn F. u. 107.) Igehirdet\u0151: Szab\u00f3 J\u00e1nos rk. pl\u00e9b\u00e1nos Janu\u00e1r&hellip;<\/p>\n","protected":false},"author":15,"featured_media":0,"parent":0,"menu_order":0,"comment_status":"closed","ping_status":"closed","template":"","meta":[],"acf":[],"_links":{"self":[{"href":"https:\/\/kkre.hu\/wpm\/wp-json\/wp\/v2\/pages\/19183"}],"collection":[{"href":"https:\/\/kkre.hu\/wpm\/wp-json\/wp\/v2\/pages"}],"about":[{"href":"https:\/\/kkre.hu\/wpm\/wp-json\/wp\/v2\/types\/page"}],"author":[{"embeddable":true,"href":"https:\/\/kkre.hu\/wpm\/wp-json\/wp\/v2\/users\/15"}],"replies":[{"embeddable":true,"href":"https:\/\/kkre.hu\/wpm\/wp-json\/wp\/v2\/comments?post=19183"}],"version-history":[{"count":2,"href":"https:\/\/kkre.hu\/wpm\/wp-json\/wp\/v2\/pages\/19183\/revisions"}],"predecessor-version":[{"id":19193,"href":"https:\/\/kkre.hu\/wpm\/wp-json\/wp\/v2\/pages\/19183\/revisions\/19193"}],"wp:attachment":[{"href":"https:\/\/kkre.hu\/wpm\/wp-json\/wp\/v2\/media?parent=19183"}],"curies":[{"name":"wp","href":"https:\/\/api.w.org\/{rel}","templated":true}]}}