{"id":19692,"date":"2023-10-31T15:26:12","date_gmt":"2023-10-31T14:26:12","guid":{"rendered":"https:\/\/kkre.hu\/wpm\/?page_id=19692"},"modified":"2023-10-31T15:35:43","modified_gmt":"2023-10-31T14:35:43","slug":"egyh-kcp-18-p-0141","status":"publish","type":"page","link":"https:\/\/kkre.hu\/wpm\/palyazataink\/egyh-kcp-18-p-0141\/","title":{"rendered":"EGYH-KCP-18-P-0141"},"content":{"rendered":" <figure class=\"wp-block-image\"><img loading=\"lazy\" width=\"914\" height=\"204\" src=\"http:\/\/kkre.hu\/wpm\/wp-content\/uploads\/2023\/10\/megvalosult_a_magyar_kormany_tamogatasaval_bga_alap-Custom.jpg\" alt=\"\" class=\"wp-image-19696\"\/><\/figure>    <div style=\"height:35px\" aria-hidden=\"true\" class=\"wp-block-spacer\"><\/div>    <p>A Budapest-Kispest-K\u00f6zponti Reform\u00e1tus Egyh\u00e1zk\u00f6zs\u00e9g Ady Endre \u00c1ltal\u00e1nos Iskola fejleszt\u00e9se \u00e9s fenntart\u00e1sa Magyarorsz\u00e1g Korm\u00e1nya, a Bethlen G\u00e1bor Alapkezel\u0151 Zrt-n kereszt\u00fcl \u00a018.063.000.-, azaz tizennyolcmilli\u00f3-hatvanh\u00e1romezer forint t\u00e1mogat\u00e1st adott 2018-19-ben az EGYH-KCP-18-P-0141 t\u00e1mogat\u00e1si szerz\u0151d\u00e9ssel.<\/p>    <p>A t\u00e1mogat\u00e1s a lapos tet\u0151 fel\u00faj\u00edt\u00e1sa, fest\u00e9s-m\u00e1zol\u00e1s, taneszk\u00f6z\u00f6k beszerz\u00e9se \u00e9s k\u00f6z\u00fczemi d\u00edjak rendez\u00e9s\u00e9re biztos\u00edtott keretet.<\/p> ","protected":false},"excerpt":{"rendered":"<p>A Budapest-Kispest-K\u00f6zponti Reform\u00e1tus Egyh\u00e1zk\u00f6zs\u00e9g Ady Endre \u00c1ltal\u00e1nos Iskola fejleszt\u00e9se \u00e9s fenntart\u00e1sa Magyarorsz\u00e1g Korm\u00e1nya, a Bethlen G\u00e1bor Alapkezel\u0151 Zrt-n kereszt\u00fcl \u00a018.063.000.-, azaz tizennyolcmilli\u00f3-hatvanh\u00e1romezer forint t\u00e1mogat\u00e1st adott 2018-19-ben az EGYH-KCP-18-P-0141 t\u00e1mogat\u00e1si szerz\u0151d\u00e9ssel. A t\u00e1mogat\u00e1s a lapos tet\u0151 fel\u00faj\u00edt\u00e1sa, fest\u00e9s-m\u00e1zol\u00e1s, taneszk\u00f6z\u00f6k beszerz\u00e9se \u00e9s k\u00f6z\u00fczemi d\u00edjak rendez\u00e9s\u00e9re biztos\u00edtott keretet.<\/p>\n","protected":false},"author":1,"featured_media":0,"parent":19690,"menu_order":0,"comment_status":"closed","ping_status":"closed","template":"","meta":[],"acf":[],"_links":{"self":[{"href":"https:\/\/kkre.hu\/wpm\/wp-json\/wp\/v2\/pages\/19692"}],"collection":[{"href":"https:\/\/kkre.hu\/wpm\/wp-json\/wp\/v2\/pages"}],"about":[{"href":"https:\/\/kkre.hu\/wpm\/wp-json\/wp\/v2\/types\/page"}],"author":[{"embeddable":true,"href":"https:\/\/kkre.hu\/wpm\/wp-json\/wp\/v2\/users\/1"}],"replies":[{"embeddable":true,"href":"https:\/\/kkre.hu\/wpm\/wp-json\/wp\/v2\/comments?post=19692"}],"version-history":[{"count":6,"href":"https:\/\/kkre.hu\/wpm\/wp-json\/wp\/v2\/pages\/19692\/revisions"}],"predecessor-version":[{"id":19702,"href":"https:\/\/kkre.hu\/wpm\/wp-json\/wp\/v2\/pages\/19692\/revisions\/19702"}],"up":[{"embeddable":true,"href":"https:\/\/kkre.hu\/wpm\/wp-json\/wp\/v2\/pages\/19690"}],"wp:attachment":[{"href":"https:\/\/kkre.hu\/wpm\/wp-json\/wp\/v2\/media?parent=19692"}],"curies":[{"name":"wp","href":"https:\/\/api.w.org\/{rel}","templated":true}]}}