{"id":21561,"date":"2025-05-12T09:47:56","date_gmt":"2025-05-12T07:47:56","guid":{"rendered":"https:\/\/kkre.hu\/wpm\/?page_id=21561"},"modified":"2026-03-31T12:26:45","modified_gmt":"2026-03-31T10:26:45","slug":"kkre-iskola-udvaranak-fejlesztese","status":"publish","type":"page","link":"https:\/\/kkre.hu\/wpm\/kkre-iskola-udvaranak-fejlesztese\/","title":{"rendered":"\u201eA Budapest-Kispest-K\u00f6zponti Reform\u00e1tus Egyh\u00e1zk\u00f6zs\u00e9g Ady Endre \u00c1ltal\u00e1nos Iskol\u00e1j\u00e1hoz kapcsol\u00f3d\u00f3 ingatlanv\u00e1s\u00e1rl\u00e1s, eszk\u00f6zbeszerz\u00e9s \u00e9s az iskola tov\u00e1bbi fejleszt\u00e9s\u00e9nek el\u0151k\u00e9sz\u00edt\u00e9se\u201d EGYH-EKF-22-P-0012"},"content":{"rendered":" <figure class=\"wp-block-image\"><img src=\"http:\/\/kkre.hu\/wpm\/wp-content\/uploads\/2023\/10\/megvalosult_a_magyar_kormany_tamogatasaval_bga_alap-Custom.jpg\" alt=\"A k\u00e9phez tartoz\u00f3 alt jellemz\u0151 \u00fcres; megvalosult_a_magyar_kormany_tamogatasaval_bga_alap-Custom.jpg a f\u00e1jln\u00e9v\" \/><\/figure> ","protected":false},"excerpt":{"rendered":"","protected":false},"author":15,"featured_media":0,"parent":0,"menu_order":0,"comment_status":"closed","ping_status":"closed","template":"","meta":[],"acf":[],"_links":{"self":[{"href":"https:\/\/kkre.hu\/wpm\/wp-json\/wp\/v2\/pages\/21561"}],"collection":[{"href":"https:\/\/kkre.hu\/wpm\/wp-json\/wp\/v2\/pages"}],"about":[{"href":"https:\/\/kkre.hu\/wpm\/wp-json\/wp\/v2\/types\/page"}],"author":[{"embeddable":true,"href":"https:\/\/kkre.hu\/wpm\/wp-json\/wp\/v2\/users\/15"}],"replies":[{"embeddable":true,"href":"https:\/\/kkre.hu\/wpm\/wp-json\/wp\/v2\/comments?post=21561"}],"version-history":[{"count":4,"href":"https:\/\/kkre.hu\/wpm\/wp-json\/wp\/v2\/pages\/21561\/revisions"}],"predecessor-version":[{"id":22409,"href":"https:\/\/kkre.hu\/wpm\/wp-json\/wp\/v2\/pages\/21561\/revisions\/22409"}],"wp:attachment":[{"href":"https:\/\/kkre.hu\/wpm\/wp-json\/wp\/v2\/media?parent=21561"}],"curies":[{"name":"wp","href":"https:\/\/api.w.org\/{rel}","templated":true}]}}