{"id":240,"date":"2015-09-14T20:47:38","date_gmt":"2015-09-14T18:47:38","guid":{"rendered":"http:\/\/kkre.hu\/wpm\/?page_id=240"},"modified":"2026-01-23T08:37:53","modified_gmt":"2026-01-23T07:37:53","slug":"ovodank","status":"publish","type":"page","link":"https:\/\/kkre.hu\/wpm\/ovodank\/","title":{"rendered":"Sz\u0151l\u0151skertovi"},"content":{"rendered":"<div id=\"pl-240\"  class=\"panel-layout\" ><div id=\"pg-240-0\"  class=\"panel-grid panel-no-style\" ><div id=\"pgc-240-0-0\"  class=\"panel-grid-cell\" ><div id=\"panel-240-0-0-0\" class=\"so-panel widget widget_text panel-first-child\" data-index=\"0\" >\t\t\t<div class=\"textwidget\"><table style=\"height: 160px;margin-bottom: 0px\" width=\"1002\">\n<tbody>\n<tr>\n<td style=\"width: 100px\"><a href=\"https:\/\/kkre.hu\/wpm\/wp-content\/uploads\/2015\/09\/ovoda-cimer.png\"><img class=\"alignnone size-thumbnail wp-image-2006\" src=\"https:\/\/kkre.hu\/wpm\/wp-content\/uploads\/2015\/09\/ovoda-cimer-150x150.png\" alt=\"ovoda-cimer\" width=\"150\" height=\"150\" \/><\/a><\/td>\n<td>\n<h1>A Sz\u0151l\u0151skert Reform\u00e1tus \u00d3voda honlapja<\/h1>\nPostac\u00edm: 1196. Templom t\u00e9r 19.<br \/>\nTelefon: Rajkin\u00e9 S\u00f6r\u00f6s Andrea \u00f3vodavezet\u0151: 06-30-9640-784<br \/>\nE-mail:  <a href=\"mailto:ovodavezeto@kkre.hu\">ovodavezeto@kkre.hu<\/a><br \/>\nFacebook: <a title=\"Sz\u0151l\u0151skert Reform\u00e1tus \u00d3voda\" href=\"https:\/\/www.facebook.com\/szoloskertovi\">https:\/\/www.facebook.com\/szoloskertovi<\/a><br \/>\n<a href=\"http:\/\/kkre.hu\/szoloskertovi\">http:\/\/kkre.hu\/szoloskertovi<\/a><\/td>\n<td> <a class=\"album-link\" href=\"album\/?cat=ovoda\" ><img width=\"150\" height=\"150\" class=\"album-img\" src=\"https:\/\/kkre.hu\/wpm\/wp-content\/uploads\/2025\/02\/462586887_442780455173400_129230082985706212_n-2-150x150.jpeg\"\/> <div class=\"album-title\">Pillanatk\u00e9pek<\/div> <\/a><\/td>\n<\/tr>\n<\/tbody>\n<\/table>\n<br \/>\n<div class=\"album-elements\"> <a class=\"album-link\" href=\"galeria\/?id=21325\"><img width=\"150\" height=\"150\" class=\"album-img\" src=\"https:\/\/kkre.hu\/wpm\/wp-content\/uploads\/2025\/02\/462586887_442780455173400_129230082985706212_n-2-150x150.jpeg\"\/> <span class=\"album-title\">\u00d3vodai pillanatk\u00e9pek 2023-2025<\/span> <\/a> <a class=\"album-link\" href=\"galeria\/?id=18223\"><img width=\"150\" height=\"150\" class=\"album-img\" src=\"https:\/\/kkre.hu\/wpm\/wp-content\/uploads\/2022\/06\/IMG_1791-e1654451759337-150x150.jpg\"\/> <span class=\"album-title\">2022. 05. 29. Ballagnak a nagycsoportosok<\/span> <\/a> <a class=\"album-link\" href=\"galeria\/?id=17181\"><img width=\"150\" height=\"150\" class=\"album-img\" src=\"https:\/\/kkre.hu\/wpm\/wp-content\/uploads\/2021\/10\/insta_33-1-e1633728287562-150x150.jpg\"\/> <span class=\"album-title\">2021. 10. 06. H\u00e9t \u00e9ves a Sz\u0151l\u0151skert Reform\u00e1tus \u00d3voda &#8211; \u00dcnnepi megeml\u00e9kez\u00e9s<\/span> <\/a> <a class=\"album-link\" href=\"galeria\/?id=16368\"><img width=\"150\" height=\"150\" class=\"album-img\" src=\"https:\/\/kkre.hu\/wpm\/wp-content\/uploads\/2020\/12\/IMG_5741-e1609253626859-150x150.jpg\"\/> <span class=\"album-title\">2020. 12. 18. Int\u00e9zm\u00e9nyeink k\u00f6z\u00f6s kar\u00e1csonyi \u00fcnneps\u00e9ge<\/span> <\/a> <a class=\"album-link\" href=\"galeria\/?id=16161\"><img width=\"150\" height=\"150\" class=\"album-img\" src=\"https:\/\/kkre.hu\/wpm\/wp-content\/uploads\/2020\/10\/604-e1602027453298-150x150.jpg\"\/> <span class=\"album-title\">2020. 10. 06. &#8220;Legyek a l\u00e1bnyom&#8221; \u00dcnnepi el\u0151ad\u00e1s \u00d3vod\u00e1nk 6. sz\u00fclet\u00e9snapj\u00e1n<\/span> <\/a><\/div><\/div>\n\t\t<\/div><div id=\"panel-240-0-0-1\" class=\"so-panel widget widget_text\" data-index=\"1\" >\t\t\t<div class=\"textwidget\"><div style=\"text-align: center; padding-bottom: 25px;\">\n<div style=\"text-align: right; display: inline-block;\">\n<div style=\"text-align: right; display: block;\"><em>\"\u00c9n vagyok a sz\u0151l\u0151t\u0151, ti a sz\u0151l\u0151vessz\u0151k: aki \u00e9nbennem marad, \u00e9s \u00e9n \u0151benne, az terem sok gy\u00fcm\u00f6lcs\u00f6t\"<\/em><\/div>\n<div style=\"text-align: right;\"><em>J\u00e1nos evang\u00e9liuma 15,5&nbsp;<\/em><\/div>\n<\/div>\n<\/div>\n<div style=\"text-align: center; padding-bottom: 25px;\">\n<div style=\"text-align: right; display: inline-block;\">\n<div style=\"text-align: right; display: block;\"><em>\"\u00c9n vagyok az igazi sz\u0151l\u0151t\u0151, \u00e9s az \u00e9n Aty\u00e1m a sz\u0151l\u0151sgazda\"<\/em><\/div>\n<div style=\"text-align: right;\"><em>J\u00e1nos evang\u00e9liuma 15,1&nbsp;<\/em><\/div>\n<\/div>\n<\/div><\/div>\n\t\t<\/div><div id=\"panel-240-0-0-2\" class=\"so-panel widget widget_sow-editor\" data-index=\"2\" ><div\n\t\t\t\n\t\t\tclass=\"so-widget-sow-editor so-widget-sow-editor-base\"\n\t\t\t\n\t\t><h3 class=\"widget-title\">BEIRATKOZ\u00c1S RENDJE<\/h3>\n<div class=\"siteorigin-widget-tinymce textwidget\">\n\t<p style=\"text-align: center\"><a href=\"http:\/\/kkre.hu\/wpm\/wp-content\/uploads\/2026\/01\/Szoloskert_Beiratkozas-Rendje-2026-27-2.docx\" target=\"_blank\" rel=\"noopener\">Beiratkoz\u00e1s rendje<\/a><\/p>\n<\/div>\n<\/div><\/div><div id=\"panel-240-0-0-3\" class=\"so-panel widget widget_sow-editor\" data-index=\"3\" ><div\n\t\t\t\n\t\t\tclass=\"so-widget-sow-editor so-widget-sow-editor-base\"\n\t\t\t\n\t\t><h3 class=\"widget-title\">FELV\u00c9TELI ADATLAP<\/h3>\n<div class=\"siteorigin-widget-tinymce textwidget\">\n\t<p style=\"text-align: center\"><a href=\"http:\/\/kkre.hu\/wpm\/wp-content\/uploads\/2026\/01\/Szoloskert_Felve\u0301teli-adatlap-2026-27.doc\">Felve\u0301teli adatlap let\u00f6lt\u00e9se<\/a><\/p>\n<\/div>\n<\/div><\/div><div id=\"panel-240-0-0-4\" class=\"so-panel widget widget_sow-editor\" data-index=\"4\" ><div\n\t\t\t\n\t\t\tclass=\"so-widget-sow-editor so-widget-sow-editor-base\"\n\t\t\t\n\t\t><h3 class=\"widget-title\">SAKKPALOTA<\/h3>\n<div class=\"siteorigin-widget-tinymce textwidget\">\n\t<p style=\"text-align: center;\">\u00d3vod\u00e1nk csatlakozott a <strong>Polg\u00e1r Judit Sakk Alap\u00edtv\u00e1ny<\/strong><\/p>\n<p style=\"text-align: center;\">SAKKPALOTA K\u00c9PESS\u00c9GFEJLESZT\u0150 M\u00d3DSZERTANI PROGRAMJ\u00c1HOZ,<\/p>\n<p style=\"text-align: center;\">amely j\u00e1t\u00e9kos keretek k\u00f6zt juttatja olyan \u00e9lm\u00e9nyekhez a gyerekeket, melyek el\u0151seg\u00edtik probl\u00e9mamegold\u00f3 \u00e9s strat\u00e9giai gondolkod\u00e1suk fejl\u0151d\u00e9s\u00e9t.<\/p>\n<p style=\"text-align: center;\">Nagy lehet\u0151s\u00e9g \u00f3vod\u00e1sainknak az, hogy az <strong>Ady Endre Reform\u00e1tus Iskol\u00e1ban<\/strong> ennek a programnak a folytat\u00e1s\u00e1val fognak tal\u00e1lkozni.<\/p>\n<\/div>\n<\/div><\/div><div id=\"panel-240-0-0-5\" class=\"so-panel widget widget_sow-editor\" data-index=\"5\" ><div\n\t\t\t\n\t\t\tclass=\"so-widget-sow-editor so-widget-sow-editor-base\"\n\t\t\t\n\t\t><h3 class=\"widget-title\">K\u00dcLDET\u00c9SNYILATKOZAT<\/h3>\n<div class=\"siteorigin-widget-tinymce textwidget\">\n\t<p>Az igazi sz\u0151l\u0151t\u0151 bibliai t\u00f6rt\u00e9nete alapj\u00e1n hissz\u00fck, hogy ennek a vil\u00e1gnak is, mint egy sz\u0151l\u0151skertnek is van egy gazd\u00e1ja. A vil\u00e1g l\u00e9trehoz\u00f3ja Isten, a teremt\u0151 Atya, aki mint gazda tart fent mindent. Ennek a gazd\u00e1nak tetszett, hogy az \u0151 Fi\u00e1ban, J\u00e9zus Krisztusban jelenjen meg a vil\u00e1gban, mint egy sz\u0151l\u0151t\u0151ke. Hissz\u00fck: a mi igazi \u00e9let\u00fcnk is egyed\u00fcl Krisztusb\u00f3l fakad, mint ahogy a sz\u0151l\u0151vessz\u0151 is a t\u0151k\u00e9b\u0151l hajt ki. Ezt a n\u00f6veked\u00e9st adja meg Isten Szentlelke. Ennek a form\u00e1l\u00e1snak a megval\u00f3sul\u00e1si helye a vil\u00e1gban a gy\u00fclekezet, amit Isten Fia minden ember k\u00f6z\u00fcl Szentlelke \u00e9s Ig\u00e9je \u00e1ltal gy\u0171jt egybe. Szeretn\u00e9nk, ha az \u00f3vod\u00e1nkba j\u00e1r\u00f3 gyermekek \u00edgy kapcsol\u00f3dhatn\u00e1nak a Szenth\u00e1roms\u00e1g egy \u00f6r\u00f6k Istenhez \u00e9s az \u0151 n\u00e9p\u00e9hez m\u00e1r itt ezen a f\u00f6ld\u00f6n. Ez\u00e9rt hozzuk l\u00e9tre a Sz\u0151l\u0151skert \u00f3vod\u00e1t.<\/p>\n<p>Els\u0151sorban a reform\u00e1tus csal\u00e1dok sz\u00e1m\u00e1ra k\u00edv\u00e1nunk seg\u00edt\u0151 kezet ny\u00fajtani gyermekeik nevel\u00e9s\u00e9hez. Nem z\u00e1rk\u00f3zunk el azonban azokt\u00f3l a csal\u00e1dokt\u00f3l sem, akik elfogadj\u00e1k \u00e9rt\u00e9keinket \u00e9s nevel\u00e9si elk\u00e9pzel\u00e9seinket.<\/p>\n<p>\u00d3vod\u00e1nk feladata, hogy domin\u00e1ns \u00e9rt\u00e9kk\u00e9nt jelenjen meg a hit, szeretet, becs\u00fcletess\u00e9g, b\u00e1tors\u00e1g, elk\u00f6telezetts\u00e9g, megb\u00edzhat\u00f3s\u00e1g, kitart\u00e1s, a munka szeretete, a term\u00e9szet \u00e9rt\u00e9keinek megbecs\u00fcl\u00e9se. Arra t\u00f6reksz\u00fcnk, hogy a l\u00e9lek gy\u00fcm\u00f6lcsei (\u201eszeretet, \u00f6r\u00f6m, b\u00e9kess\u00e9g, t\u00fcrelem, sz\u00edvess\u00e9g, j\u00f3s\u00e1g, h\u0171s\u00e9g, szel\u00edds\u00e9g, \u00f6nmegtart\u00f3ztat\u00e1s\u201d \/Galata 5, 22-23\/) Isten seg\u00edts\u00e9g\u00e9vel jelenjenek meg a gyermekek \u00e9let\u00e9ben. \u00c9rezz\u00e9k azt, hogy Isten mint gazda mellett\u00fck \u00e1ll t\u00e1maszk\u00e9nt.<\/p>\n<\/div>\n<\/div><\/div><div id=\"panel-240-0-0-6\" class=\"so-panel widget widget_sow-editor\" data-index=\"6\" ><div\n\t\t\t\n\t\t\tclass=\"so-widget-sow-editor so-widget-sow-editor-base\"\n\t\t\t\n\t\t>\n<div class=\"siteorigin-widget-tinymce textwidget\">\n\t<h2><strong>Mi\u00e9rt j\u00f3 v\u00e1laszt\u00e1s a sz\u00fcl\u0151knek ez az \u00f3voda?<\/strong><\/h2>\n<p>Mert gyermekeink, k\u00fcl\u00f6n k\u00f6lts\u00e9gt\u00e9r\u00edt\u00e9s n\u00e9lk\u00fcl, egy\u00e9nis\u00e9g\u00fcket megtartva, egy\u00fctt n\u00f6vekedhetnek \u00e9s fejl\u0151dhetnek egy sz\u00e9p \u00faj k\u00f6rnyezetben, szeretettel k\u00f6r\u00fclv\u00e9ve.<\/p>\n<p>Kiket v\u00e1runk?<\/p>\n<p>Azoknak a sz\u00fcl\u0151knek a gyermekeit, akiknek fontos, hogy t\u00e1rsaik mellett kereszty\u00e9n hitben, erk\u00f6lcsben \u00e9s szeretetben, okosodjanak, b\u00e9k\u00e9ben, vid\u00e1ms\u00e1gban, szeret\u0151 k\u00f6z\u00f6ss\u00e9gben cseperedjenek.<\/p>\n<p>Nemcsak reform\u00e1tusokat v\u00e1runk, hanem minden gyermeket, akinek sz\u00fclei szeretn\u00e9k, hogy ide tartozzon.<\/p>\n<p>M\u00e1s \u00f3vod\u00e1b\u00f3l, \u00e9v k\u00f6zben is \u00e1thozhatja gyermek\u00e9t, ha \u00fagy \u00e9rzi, n\u00e1lunk megkapja azt a pluszt, ami eddig hi\u00e1nyzott.<\/p>\n<p>Hol \u00e9rhet el minket?<\/p>\n<p>Szem\u00e9lyesen az \u00f3vod\u00e1ban: 1196 Bp., Templom t\u00e9r 19. (a reform\u00e1tus templom mellett) 7-17 \u00f3ra k\u00f6z\u00f6tt, vagy telefonon: Rajkin\u00e9 S\u00f6r\u00f6s Andrea \u00f3vodavezet\u0151n\u00e9l, 06-30-9640-784.<\/p>\n<p>Facebookon: Sz\u0151l\u0151skert Reform\u00e1tus \u00d3voda,<br \/> Web: http:\/\/kkre.hu\/szoloskertovi\/<\/p>\n<p>A lelk\u00e9szi hivatalban (06-1-357-6107), vagy a cfharkai@hu.inter.net e-mailen.<\/p>\n<p>Harkai Ferenc lelkip\u00e1sztorn\u00e1l a fenti c\u00edmen, vagy a 06-30-636-5840 telefonsz\u00e1mon.<\/p>\n<h2>\u00a0<\/h2>\n<h2 style=\"text-align: center;\"><strong>NAGY SZERETETTEL V\u00c1RJUK AZ \u00daJABB JELENTKEZ\u0150KET!<\/strong><\/h2>\n<\/div>\n<\/div><\/div><div id=\"panel-240-0-0-7\" class=\"so-panel widget widget_sow-editor\" data-index=\"7\" ><div\n\t\t\t\n\t\t\tclass=\"so-widget-sow-editor so-widget-sow-editor-base\"\n\t\t\t\n\t\t>\n<div class=\"siteorigin-widget-tinymce textwidget\">\n\t<h2><strong>Az int\u00e9zm\u00e9ny bemutat\u00e1sa<\/strong><\/h2>\n<p>\u00d3vod\u00e1nk a Sz\u0151l\u0151skert Reform\u00e1tus \u00d3voda a Budapest-Kispest-K\u00f6zponti Reform\u00e1tus Egyh\u00e1zk\u00f6zs\u00e9g int\u00e9zm\u00e9nyek\u00e9nt 2014.10.06- t\u00f3l fogadja az \u00f3vod\u00e1skor\u00fa gyermekeket. Nevel\u00e9s\u00fcnk a hazai \u00f3vodai nevel\u00e9st\u00f6rt\u00e9netre \u00e9p\u00edtve a reform\u00e1tus kereszty\u00e9n pedag\u00f3gia \u00e9rt\u00e9keit \u00f6tv\u00f6zi az Alapprogrammal.<\/p>\n<p>Els\u0151sorban a reform\u00e1tus csal\u00e1dok sz\u00e1m\u00e1ra ny\u00fajtunk seg\u00edt\u0151 kezet gyerekeik nevel\u00e9s\u00e9hez, de szeretettel fogadunk m\u00e1s felekezethez tartoz\u00f3, vagy olyan csal\u00e1dokat, akik elfogadj\u00e1k \u00e9rt\u00e9keinket \u00e9s v\u00e1gynak arra, hogy gyermek\u00fck nevel\u00e9se az \u00e1ltalunk vallott szellemis\u00e9gben val\u00f3suljon meg.<\/p>\n<p>Int\u00e9zm\u00e9ny\u00fcnk Kispest sz\u00edv\u00e9ben, 1196 Templom t\u00e9r 19. alatt tal\u00e1lhat\u00f3. Az egyh\u00e1zk\u00f6zs\u00e9g \u00e9p\u00fclet\u00e9n bel\u00fcl helyt kapott, kialak\u00edtott Sz\u0151l\u0151skert Reform\u00e1tus \u00d3voda 2014. okt\u00f3ber 6-\u00e1n kapta meg a m\u0171k\u00f6d\u00e9si enged\u00e9ly\u00e9t. Megfelel az \u00e9p\u00edt\u00e9s\u00fcgyi elv\u00e1r\u00e1soknak, \u00e9s megfelel az EU-szab\u00e1lyoknak is. Rendelkezik a k\u00f6telez\u0151 eszk\u00f6z- \u00e9s felszerel\u00e9si jegyz\u00e9kben foglaltakkal. Bels\u0151 terei, t\u00e1gasak, eszt\u00e9tikusak. A kialak\u00edt\u00e1suk, sz\u00ednvil\u00e1guk modern. Legnagyobb term\u00fcnk,\u00a0 a Sz\u0151l\u0151sterem k\u00fcl\u00f6n\u00f6s hangulatot \u00e1raszt. A f\u0151 fal\u00e1n l\u00e9v\u0151 hatalmas \u00e9getett ker\u00e1mia mozaikkal, mely egy szerte\u00e1gaz\u00f3 Sz\u0151l\u0151t\u0151k\u00e9t \u00e1br\u00e1zol.<\/p>\n<\/div>\n<\/div><\/div><div id=\"panel-240-0-0-8\" class=\"so-panel widget widget_sow-editor\" data-index=\"8\" ><div\n\t\t\t\n\t\t\tclass=\"so-widget-sow-editor so-widget-sow-editor-base\"\n\t\t\t\n\t\t>\n<div class=\"siteorigin-widget-tinymce textwidget\">\n\t<p><a href=\"http:\/\/kkre.hu\/wpm\/wp-content\/uploads\/2015\/09\/2002szoloto.jpg\"><img loading=\"lazy\" class=\"aligncenter wp-image-1283\" src=\"http:\/\/kkre.hu\/wpm\/wp-content\/uploads\/2015\/09\/2002szoloto-575x375.jpg\" alt=\"Ker\u00e1mia sz\u0151l\u0151t\u0151. Ablonczy Eszter alkot\u00e1sa 2002.\" width=\"267\" height=\"200\" \/><\/a><\/p>\n<\/div>\n<\/div><\/div><div id=\"panel-240-0-0-9\" class=\"so-panel widget widget_sow-editor panel-last-child\" data-index=\"9\" ><div\n\t\t\t\n\t\t\tclass=\"so-widget-sow-editor so-widget-sow-editor-base\"\n\t\t\t\n\t\t>\n<div class=\"siteorigin-widget-tinymce textwidget\">\n\t<p>A terem gy\u00f6ny\u00f6r\u0171 \u00edves ablakai \u00e9s a gyakran felcsend\u00fcl\u0151 orgonasz\u00f3 p\u00e1toszos hangulatot var\u00e1zsol k\u00f6r\u00e9nk. Az \u00e9p\u00fclet eszt\u00e9tik\u00e1ja \u00e9s a templommal val\u00f3 k\u00f6zvetlen kapcsolat b\u00e9k\u00e9t, nyugalmat \u00e1raszt. Tudjuk, hogy \u201eA sz\u0151l\u0151vessz\u0151 nem teremhet gy\u00fcm\u00f6lcs\u00f6t mag\u00e1t\u00f3l...\u201d (J\u00e1nos evang\u00e9liuma 15.4b)<\/p>\n<p>\u00d3vodai nevel\u00e9s\u00fcnk alappill\u00e9rei:<br \/>\n- \u00f3voda \u00e9s a csal\u00e1d egy\u00fcttnevel\u00e9se, a kereszty\u00e9n hitben val\u00f3 nevel\u00e9s<br \/>\n- differenci\u00e1lt szem\u00e9lyis\u00e9gfejleszt\u00e9s<br \/>\n- a magyar n\u00e9p hagyom\u00e1nyainak \u00e1pol\u00e1sa<br \/>\n- k\u00f6rnyezettudatos magatart\u00e1s kialak\u00edt\u00e1sa<br \/>\n- j\u00e1t\u00e9kba integr\u00e1lt tanul\u00e1si folyamatok gyermekk\u00f6zpont\u00fas\u00e1ga<br \/>\n- kiemelt figyelmet ig\u00e9nyl\u0151 gyerekek nevel\u00e9se<br \/>\n- \u00e9rzelmi nevel\u00e9s, melynek sor\u00e1n a szem\u00e9lyis\u00e9g kiteljesedik, t\u00e1rsas kapcsolataiban \u00e9rt\u00e9ket k\u00f6zvet\u00edt<br \/>\n- az anyanyelvi nevel\u00e9s els\u0151dlegess\u00e9ge a mese-vers, gyermekirodalom hat\u00e1srendszer\u00e9vel a mindennapok meghat\u00e1roz\u00f3ja.<\/p>\n<p>A gyerekek nevel\u00e9se h\u00e1rom osztatlan csoportban val\u00f3sul meg a Sz\u0151l\u0151skert Reform\u00e1tus \u00d3voda Pedag\u00f3giai Programja szerint. Pedag\u00f3gusaink sz\u00e1mottev\u0151 szakmai tapasztalattal rendelkeznek.<\/p>\n<p>A dajka n\u00e9nik akt\u00edv r\u00e9szesei a nevel\u0151munk\u00e1nak, gondoz\u00e1snak.<br \/>\n\u00d3raad\u00f3 logop\u00e9dusunk \u00e9s mozg\u00e1sfejleszt\u0151 szakember\u00fcnk t\u00e1mogatja a gyerekek fejl\u0151d\u00e9s\u00e9t.<\/p>\n<p>\u00d3vod\u00e1nk stabil c\u00e9lokkal, t\u00e1mogat\u00f3 fenntart\u00f3i attit\u0171ddel \u00e9s hivat\u00e1sukat nagyon szeret\u0151 \u00f3vodapedag\u00f3gusokkal val\u00f3s\u00edtja meg pedag\u00f3giai k\u00fcldet\u00e9s\u00e9t.<\/p>\n<p>A nevel\u0151k\u00f6z\u00f6ss\u00e9g fel\u00e9p\u00edt\u00e9se, k\u00f6z\u00f6ss\u00e9gg\u00e9 alak\u00edt\u00e1sa kiemelt feladatunk az \u00f3voda hagyom\u00e1nyainak ki\u00e9p\u00edt\u00e9se mellett.<\/p>\n<p>R\u00f6vid t\u00e1v\u00fa strat\u00e9giai c\u00e9lunk, hogy az int\u00e9zm\u00e9ny alkot\u00f3 nevel\u0151k\u00f6z\u00f6ss\u00e9gg\u00e9 v\u00e1ljon.<\/p>\n<p>Hossz\u00fa t\u00e1v\u00fa koncepci\u00f3nk egy innovat\u00edv nevel\u0151test\u00fclet, melyben a szakmai fejl\u0151d\u00e9s az int\u00e9zm\u00e9ny nevel\u00e9si c\u00e9ljainak \u00e9rdek\u00e9ben \u00e9s a pedag\u00f3gusok szem\u00e9lyis\u00e9g\u00e9nek fejl\u0151d\u00e9se \u00e9rdek\u00e9ben \u00f6sszecseng.<\/p>\n<\/div>\n<\/div><\/div><\/div><\/div><\/div>","protected":false},"excerpt":{"rendered":"<p>A Sz\u0151l\u0151skert Reform\u00e1tus \u00d3voda honlapja Postac\u00edm: 1196. Templom t\u00e9r 19. Telefon: Rajkin\u00e9 S\u00f6r\u00f6s Andrea \u00f3vodavezet\u0151: 06-30-9640-784 E-mail: ovodavezeto@kkre.hu Facebook: https:\/\/www.facebook.com\/szoloskertovi http:\/\/kkre.hu\/szoloskertovi &#8220;\u00c9n vagyok a sz\u0151l\u0151t\u0151, ti a sz\u0151l\u0151vessz\u0151k: aki \u00e9nbennem marad, \u00e9s \u00e9n \u0151benne, az terem sok gy\u00fcm\u00f6lcs\u00f6t&#8221; J\u00e1nos evang\u00e9liuma 15,5&nbsp; &#8220;\u00c9n vagyok az igazi sz\u0151l\u0151t\u0151, \u00e9s az \u00e9n Aty\u00e1m a sz\u0151l\u0151sgazda&#8221; J\u00e1nos evang\u00e9liuma 15,1&nbsp;<\/p>\n","protected":false},"author":1,"featured_media":0,"parent":0,"menu_order":0,"comment_status":"closed","ping_status":"closed","template":"","meta":[],"acf":[],"_links":{"self":[{"href":"https:\/\/kkre.hu\/wpm\/wp-json\/wp\/v2\/pages\/240"}],"collection":[{"href":"https:\/\/kkre.hu\/wpm\/wp-json\/wp\/v2\/pages"}],"about":[{"href":"https:\/\/kkre.hu\/wpm\/wp-json\/wp\/v2\/types\/page"}],"author":[{"embeddable":true,"href":"https:\/\/kkre.hu\/wpm\/wp-json\/wp\/v2\/users\/1"}],"replies":[{"embeddable":true,"href":"https:\/\/kkre.hu\/wpm\/wp-json\/wp\/v2\/comments?post=240"}],"version-history":[{"count":102,"href":"https:\/\/kkre.hu\/wpm\/wp-json\/wp\/v2\/pages\/240\/revisions"}],"predecessor-version":[{"id":22232,"href":"https:\/\/kkre.hu\/wpm\/wp-json\/wp\/v2\/pages\/240\/revisions\/22232"}],"wp:attachment":[{"href":"https:\/\/kkre.hu\/wpm\/wp-json\/wp\/v2\/media?parent=240"}],"curies":[{"name":"wp","href":"https:\/\/api.w.org\/{rel}","templated":true}]}}