{"id":2802,"date":"2015-11-04T16:06:16","date_gmt":"2015-11-04T15:06:16","guid":{"rendered":"http:\/\/kkre.hu\/wpm\/?page_id=2802"},"modified":"2016-12-28T09:52:40","modified_gmt":"2016-12-28T08:52:40","slug":"galeria","status":"publish","type":"page","link":"https:\/\/kkre.hu\/wpm\/galeria\/","title":{"rendered":"galeria"},"content":{"rendered":"<div class=\"textwidget\" style=\"width: 100%; height: 180px; overflow: auto; position: relative; text-align: center;\"> <a class=\"album-link-csoport\" href=\"albumcsoport\/?cat=templomban\" ><img class=\"album-img-csoport\" src=\"https:\/\/kkre.hu\/wpm\/wp-content\/uploads\/2026\/03\/20260325_184012_-e1774556344330-150x150.jpg\"\/> <div class=\"album-title-csoport\">A templomban<\/div> <\/a> <a class=\"album-link-csoport\" href=\"albumcsoport\/?cat=helyben\" ><img class=\"album-img-csoport\" src=\"https:\/\/kkre.hu\/wpm\/wp-content\/uploads\/2026\/02\/20260111_113006harmadik-oldal-e1770063207445-150x150.jpg\"\/> <div class=\"album-title-csoport\">Helyben<\/div> <\/a> <a class=\"album-link-csoport\" href=\"albumcsoport\/?cat=videken\" ><img class=\"album-img-csoport\" src=\"https:\/\/kkre.hu\/wpm\/wp-content\/uploads\/2025\/02\/20250201_125028_883-1-e1738686347178-150x150.jpg\"\/> <div class=\"album-title-csoport\">Vid\u00e9ken<\/div> <\/a><\/div> <div class=\"galeria-name\">2025. 01. 30-02. M\u00e1trah\u00e1zi csendes h\u00e9tv\u00e9ge<\/div>The gallery was not found! ","protected":false},"excerpt":{"rendered":"","protected":false},"author":7,"featured_media":0,"parent":0,"menu_order":0,"comment_status":"closed","ping_status":"closed","template":"","meta":[],"acf":[],"_links":{"self":[{"href":"https:\/\/kkre.hu\/wpm\/wp-json\/wp\/v2\/pages\/2802"}],"collection":[{"href":"https:\/\/kkre.hu\/wpm\/wp-json\/wp\/v2\/pages"}],"about":[{"href":"https:\/\/kkre.hu\/wpm\/wp-json\/wp\/v2\/types\/page"}],"author":[{"embeddable":true,"href":"https:\/\/kkre.hu\/wpm\/wp-json\/wp\/v2\/users\/7"}],"replies":[{"embeddable":true,"href":"https:\/\/kkre.hu\/wpm\/wp-json\/wp\/v2\/comments?post=2802"}],"version-history":[{"count":15,"href":"https:\/\/kkre.hu\/wpm\/wp-json\/wp\/v2\/pages\/2802\/revisions"}],"predecessor-version":[{"id":21333,"href":"https:\/\/kkre.hu\/wpm\/wp-json\/wp\/v2\/pages\/2802\/revisions\/21333"}],"wp:attachment":[{"href":"https:\/\/kkre.hu\/wpm\/wp-json\/wp\/v2\/media?parent=2802"}],"curies":[{"name":"wp","href":"https:\/\/api.w.org\/{rel}","templated":true}]}}