{"id":4853,"date":"2015-12-29T23:49:53","date_gmt":"2015-12-29T22:49:53","guid":{"rendered":"http:\/\/kkre.hu\/wpm\/?page_id=4853"},"modified":"2016-07-26T14:51:35","modified_gmt":"2016-07-26T12:51:35","slug":"eletkepek","status":"publish","type":"page","link":"https:\/\/kkre.hu\/wpm\/eletkepek\/","title":{"rendered":"\u00c9letk\u00e9pek"},"content":{"rendered":"<h2>Legfrissebbek<\/h2> <div align=\"center\"> <a class=\"album-link\" href=\"galeria\/?id=22359\"><img width=\"150\" height=\"150\" class=\"album-img\" src=\"https:\/\/kkre.hu\/wpm\/wp-content\/uploads\/2026\/03\/20260325_184012_-e1774556344330-150x150.jpg\"\/> <span class=\"album-title\">2026. 03. 25. Az orgon\u00e1n\u00e1l Kov\u00e1cs Botond Bence: &#8220;Bach Mindenkinek Fesztiv\u00e1l&#8221; Kispest-K\u00f6zpontban<\/span> <\/a> <a class=\"album-link\" href=\"galeria\/?id=22262\"><img width=\"150\" height=\"150\" class=\"album-img\" src=\"https:\/\/kkre.hu\/wpm\/wp-content\/uploads\/2026\/02\/20260201_113106csoportkep-e1770064349777-150x150.jpg\"\/> <span class=\"album-title\">2026. 01. 29-02.01. Csendesnapok M\u00e1trah\u00e1z\u00e1n<\/span> <\/a> <a class=\"album-link\" href=\"galeria\/?id=22256\"><img width=\"150\" height=\"150\" class=\"album-img\" src=\"https:\/\/kkre.hu\/wpm\/wp-content\/uploads\/2026\/02\/20260111_113006harmadik-oldal-e1770063207445-150x150.jpg\"\/> <span class=\"album-title\">2026. 01. 11. L\u00e1togat\u00e1s a par\u00f3ki\u00e1n<\/span> <\/a> <a class=\"album-link\" href=\"galeria\/?id=22022\"><img width=\"150\" height=\"150\" class=\"album-img\" src=\"https:\/\/kkre.hu\/wpm\/wp-content\/uploads\/2025\/10\/20251005_095514aisa-e1759822139396-150x150.jpg\"\/> <span class=\"album-title\">2025. 10. 05. Keresztel\u0151 az Istentiszteleten<\/span> <\/a> <a class=\"album-link\" href=\"galeria\/?id=22007\"><img width=\"150\" height=\"150\" class=\"album-img\" src=\"https:\/\/kkre.hu\/wpm\/wp-content\/uploads\/2025\/10\/20250928_184815_1-e1759431217351-150x150.jpg\"\/> <span class=\"album-title\">2025. 09. 28. \u00d3vod\u00e1sok \u00e9neke a csal\u00e1di Istentiszteleten<\/span> <\/a><\/div> <h2>Csoportok<\/h2> <div id=\"albumcsoportok\"> <a class=\"album-link-csoport\" href=\"albumcsoport\/?cat=templomban\" ><img class=\"album-img-csoport\" src=\"https:\/\/kkre.hu\/wpm\/wp-content\/uploads\/2026\/03\/20260325_184012_-e1774556344330-150x150.jpg\"\/> <div class=\"album-title-csoport\">A templomban<\/div> <\/a> <a class=\"album-link-csoport\" href=\"albumcsoport\/?cat=helyben\" ><img class=\"album-img-csoport\" src=\"https:\/\/kkre.hu\/wpm\/wp-content\/uploads\/2026\/02\/20260111_113006harmadik-oldal-e1770063207445-150x150.jpg\"\/> <div class=\"album-title-csoport\">Helyben<\/div> <\/a> <a class=\"album-link-csoport\" href=\"albumcsoport\/?cat=videken\" ><img class=\"album-img-csoport\" src=\"https:\/\/kkre.hu\/wpm\/wp-content\/uploads\/2025\/02\/20250201_125028_883-1-e1738686347178-150x150.jpg\"\/> <div class=\"album-title-csoport\">Vid\u00e9ken<\/div> <\/a><\/div> ","protected":false},"excerpt":{"rendered":"<p>Legfrissebbek Csoportok<\/p>\n","protected":false},"author":7,"featured_media":0,"parent":0,"menu_order":0,"comment_status":"closed","ping_status":"closed","template":"","meta":[],"acf":[],"_links":{"self":[{"href":"https:\/\/kkre.hu\/wpm\/wp-json\/wp\/v2\/pages\/4853"}],"collection":[{"href":"https:\/\/kkre.hu\/wpm\/wp-json\/wp\/v2\/pages"}],"about":[{"href":"https:\/\/kkre.hu\/wpm\/wp-json\/wp\/v2\/types\/page"}],"author":[{"embeddable":true,"href":"https:\/\/kkre.hu\/wpm\/wp-json\/wp\/v2\/users\/7"}],"replies":[{"embeddable":true,"href":"https:\/\/kkre.hu\/wpm\/wp-json\/wp\/v2\/comments?post=4853"}],"version-history":[{"count":14,"href":"https:\/\/kkre.hu\/wpm\/wp-json\/wp\/v2\/pages\/4853\/revisions"}],"predecessor-version":[{"id":7163,"href":"https:\/\/kkre.hu\/wpm\/wp-json\/wp\/v2\/pages\/4853\/revisions\/7163"}],"wp:attachment":[{"href":"https:\/\/kkre.hu\/wpm\/wp-json\/wp\/v2\/media?parent=4853"}],"curies":[{"name":"wp","href":"https:\/\/api.w.org\/{rel}","templated":true}]}}