{"id":491,"date":"2015-09-26T21:29:55","date_gmt":"2015-09-26T21:29:55","guid":{"rendered":"http:\/\/kkre.hu\/wpm\/?page_id=491"},"modified":"2018-05-20T21:16:37","modified_gmt":"2018-05-20T19:16:37","slug":"uj-vagyok","status":"publish","type":"page","link":"https:\/\/kkre.hu\/wpm\/uj-vagyok\/","title":{"rendered":"\u00daj vagyok"},"content":{"rendered":"<div id=\"pl-491\"  class=\"panel-layout\" ><div id=\"pg-491-0\"  class=\"panel-grid panel-no-style\" ><div id=\"pgc-491-0-0\"  class=\"panel-grid-cell\" ><div id=\"panel-491-0-0-0\" class=\"so-panel widget widget_sow-editor panel-first-child\" data-index=\"0\" ><div class=\"panel-widget-style panel-widget-style-for-491-0-0-0\" ><div\n\t\t\t\n\t\t\tclass=\"so-widget-sow-editor so-widget-sow-editor-base\"\n\t\t\t\n\t\t>\n<div class=\"siteorigin-widget-tinymce textwidget\">\n\t<div style=\"text-align: center; padding-bottom: 25px;\">\n<div style=\"text-align: right; display: inline-block;\">\n<div style=\"text-align: right; display: block;\"><em>\"Eml\u00e9kezz meg a nyugalom napj\u00e1r\u00f3l, \u00e9s szenteld meg azt!\"<\/em><\/div>\n<div style=\"text-align: right;\"><em>M\u00f3zes m\u00e1sodik k\u00f6nyve 20,8\u00a0<\/em><\/div>\n<\/div>\n<\/div><\/div>\n<\/div><\/div><\/div><div id=\"panel-491-0-0-1\" class=\"so-panel widget widget_text\" data-index=\"1\" ><div class=\"bkg panel-widget-style panel-widget-style-for-491-0-0-1\" ><h3 class=\"widget-title\">Mi\u00e9rt j\u00e1rjak templomba? Otthon nem lehet Bibli\u00e1t olvasni vagy im\u00e1dkozni?<\/h3>\t\t\t<div class=\"textwidget\">Isten a hetedik napot a mag\u00e1\u00e9nak k\u00edv\u00e1nja. Az \u00dar hajl\u00e9ka nem arra val\u00f3, hogy \u00fcresen \u00e1lljon, hanem arra, hogy benne rendszeresen dics\u00e9rj\u00fck az Urat. Nem, mintha Isten k\u00e9zzel csin\u00e1lt templomokban lakna. De J\u00e9zus Krisztus \u00e1ltal meghagyta nek\u00fcnk, hogy tegy\u00fcnk tan\u00edtv\u00e1nny\u00e1 minden n\u00e9pet; azaz hallgassuk \u00e9s hirdess\u00fck az Ig\u00e9t, \u00e9s hogy a s\u00e1kramentumokat gyakoroljuk. Term\u00e9szetesen fontos, hogy otthon olvassuk a Bibli\u00e1t, de az olvas\u00e1s nem el\u00e9g, meg is kell azt \u00e9rten\u00fcnk. Az igemagyar\u00e1zat felk\u00e9sz\u00fclts\u00e9get k\u00edv\u00e1n. Minderre csak gy\u00fclekezetben van lehet\u0151s\u00e9g. Ez\u00e9rt j\u00f3, ha rendszeresen j\u00e1runk Istentiszteletre.<\/div>\n\t\t<\/div><\/div><div id=\"panel-491-0-0-2\" class=\"so-panel widget widget_text\" data-index=\"2\" ><div class=\"bkg panel-widget-style panel-widget-style-for-491-0-0-2\" ><h3 class=\"widget-title\">Mi az az Istentisztelet?<\/h3>\t\t\t<div class=\"textwidget\">A reform\u00e1tus Istentisztelet - Isten \u00e9s a gy\u00fclekezet p\u00e1rbesz\u00e9de.\nAtt\u00f3l kezdve, ahogy bement\u00fcnk a templomba, addig, am\u00edg ki nem j\u00f6v\u00fcnk, zajlik ez a k\u00f6z\u00f6s p\u00e1rbesz\u00e9d. Ebben a dial\u00f3gusban a gy\u00fclekezet megsz\u00f3l\u00edtja Istent: m\u00e1r akkor, amikor egy\u00e9ni im\u00e1ds\u00e1gokat mondunk. De nagyon fontos a gy\u00fclekezet k\u00f6z\u00f6s h\u00e1laad\u00e1sa, Isten dics\u0151\u00edt\u00e9se, a b\u0171neink miatti b\u00e1nk\u00f3d\u00e1s megfogalmaz\u00e1sa, k\u00e9r\u00e9seink tolm\u00e1csol\u00e1sa ak\u00e1r a k\u00f6z\u00f6s \u00e9nekl\u00e9sben, a k\u00f6z\u00f6sen elmondott Miaty\u00e1nkban, ak\u00e1r a lelkip\u00e1sztor valamennyi\u00fcnket egybefog\u00f3, valamennyi\u00fcnket k\u00e9pvisel\u0151 im\u00e1ds\u00e1g\u00e1ban.\nIsten pedig v\u00e1laszol a gy\u00fclekezet megsz\u00f3lal\u00e1saira. Isten v\u00e1lasz\u00e1t halljuk a Bibli\u00e1b\u00f3l felolvasott hosszabb \u00e9s r\u00f6videbb szakaszban, az \u0150 \u00fczenet\u00e9t halljuk a lelkip\u00e1sztor igehirdet\u00e9s\u00e9ben.\nEzt az \u00fczenetet vissz\u00fck magunkkal, amikor hazat\u00e9r\u00fcnk a Templomb\u00f3l.\n\nAz Istentiszteletekhez alkalmank\u00e9nt hozz\u00e1tartoznak a s\u00e1kramentumok is. K\u00e9t  s\u00e1kramentum van egyh\u00e1zunkban, a kereszts\u00e9g \u00e9s az \u00farvacsora, amelyek Isten kegyelmi \u00edg\u00e9reteinek l\u00e1that\u00f3 jegyei. Az Istentisztelet elej\u00e9n k\u00f6vetkezhet a kisgyermekek megkeresztel\u00e9se, nagy \u00fcnnepeken pedig az Istentisztelet v\u00e9g\u00e9n szolg\u00e1ltatja ki a lelkip\u00e1sztor az \u00farvacsor\u00e1t.<\/div>\n\t\t<\/div><\/div><div id=\"panel-491-0-0-3\" class=\"so-panel widget widget_text\" data-index=\"3\" ><div class=\"bkg panel-widget-style panel-widget-style-for-491-0-0-3\" ><h3 class=\"widget-title\">Mikor van Istentisztelet?<\/h3>\t\t\t<div class=\"textwidget\"><p>Istentiszteletek vas\u00e1rnap 10 \u00f3r\u00e1t\u00f3l \u00e9s 18 \u00f3r\u00e1t\u00f3l vannak Templomunkban. Nagy \u00fcnnepek m\u00e1sodnapj\u00e1n 10 \u00f3rakor is tartunk Istentiszteletet mindk\u00e9t d\u00e9lel\u0151tt\u00f6n \u00farvacsoraoszt\u00e1ssal.<br \/>\nA t\u00e9li id\u0151sz\u00e1m\u00edt\u00e1s idej\u00e9n a vas\u00e1rnap d\u00e9lut\u00e1ni Istentiszteletek 17 \u00f3rakor kezd\u0151dnek.<br \/>\nA ny\u00e1ri id\u0151szakban nincs esti Istentisztelet, a kezd\u0151 lapon tal\u00e1lhat\u00f3 napt\u00e1r \u00e9s hirdet\u00e9sek adnak t\u00e1j\u00e9koztat\u00e1st az alkalmakr\u00f3l.<br \/>\nA Gyermekistentiszteleteket vas\u00e1rnaponk\u00e9nt a d\u00e9lel\u0151tti feln\u0151tt Istentisztelettel egy id\u0151ben tartjuk. \u00cdgy lehet\u0151s\u00e9g van arra, hogy a csal\u00e1dok egy\u00fctt \u00e9rkezzenek a Templomba.<br \/>\nAz aktu\u00e1lis Istentiszteleti rend az alkalmaink k\u00f6z\u00f6tt megtal\u00e1lhat\u00f3.<\/p>\n<\/div>\n\t\t<\/div><\/div><div id=\"panel-491-0-0-4\" class=\"so-panel widget widget_text\" data-index=\"4\" ><div class=\"bkg panel-widget-style panel-widget-style-for-491-0-0-4\" ><h3 class=\"widget-title\">Milyen ruh\u00e1ban kell j\u00f6nni templomba?<\/h3>\t\t\t<div class=\"textwidget\">Amikor az \u00dar h\u00e1z\u00e1ba megy\u00fcnk, az \u00dar sz\u00edne el\u00e9 j\u00e1rulunk. Ehhez ill\u0151 ruh\u00e1t vegy\u00fcnk fel.<\/div>\n\t\t<\/div><\/div><div id=\"panel-491-0-0-5\" class=\"so-panel widget widget_text\" data-index=\"5\" ><div class=\"bkg panel-widget-style panel-widget-style-for-491-0-0-5\" ><h3 class=\"widget-title\">Hogyan k\u00f6sz\u00f6njek?<\/h3>\t\t\t<div class=\"textwidget\">A k\u00f6sz\u00f6n\u00e9s n\u00e1lunk reform\u00e1tusokn\u00e1l \u00edgy hangzik: \u201e\u00c1ld\u00e1s, b\u00e9kess\u00e9g!\u201d Ezt viszonozhatjuk is, de felelhet\u00fcnk \u00fagy is, hogy \u201eIstennek dics\u0151s\u00e9g!\u201d.<\/div>\n\t\t<\/div><\/div><div id=\"panel-491-0-0-6\" class=\"so-panel widget widget_text\" data-index=\"6\" ><div class=\"bkg panel-widget-style panel-widget-style-for-491-0-0-6\" ><h3 class=\"widget-title\">Hogyan sz\u00f3l\u00edthatom a lelkip\u00e1sztort?<\/h3>\t\t\t<div class=\"textwidget\">A lelkip\u00e1sztort \u201enagytisztelet\u0171 \u00farnak\u201d - lelk\u00e9szn\u0151k eset\u00e9ben \"nagytisztelet\u0171 asszonynak\" - sz\u00f3l\u00edtjuk. A \u201enagytisztelet\u0171\u201d megsz\u00f3l\u00edt\u00e1s az  egyh\u00e1zk\u00f6zs\u00e9gi \u00e9s egyh\u00e1zmegyei test\u00fcleteket is megilleti.  \nA p\u00fcsp\u00f6k\u00f6ket, professzorokat, egyh\u00e1zker\u00fcleti \u00e9s zsinati test\u00fcleteket \"f\u0151tisztelet\u0171\" c\u00edmz\u00e9ssel illetj\u00fck. \nA teol\u00f3gi\u00e1ra beiratkozott szem\u00e9lyeket, am\u00edg \u00f6n\u00e1ll\u00f3 szolg\u00e1latukat meg nem kezdik, \"tiszteletes \u00farnak vagy tiszteletes n\u0151nek\" sz\u00f3l\u00edtjuk..<\/div>\n\t\t<\/div><\/div><div id=\"panel-491-0-0-7\" class=\"so-panel widget widget_text\" data-index=\"7\" ><div class=\"bkg panel-widget-style panel-widget-style-for-491-0-0-7\" ><h3 class=\"widget-title\">Hov\u00e1 \u00fclhetek a Templomban?<\/h3>\t\t\t<div class=\"textwidget\">A sz\u00f3sz\u00e9k melletti jobboldali pad, az \u00fan. \u201eM\u00f3zes-pad\u201d a lelkip\u00e1sztoroknak van fenntartva. A baloldalon l\u00e9v\u0151 padot n\u00e1lunk a k\u00f3rustagok szokt\u00e1k elfoglalni, ha szolg\u00e1lnak az Istentisztelet alatt. Egy\u00e9bk\u00e9nt nincsenek \u201efoglalt helyek\u201d, b\u00e1rhova le\u00fclhet\u00fcnk. Udvariass\u00e1gb\u00f3l azonban megk\u00e9rdezhetj\u00fck, hogy valaki mellett helyet foglalhatunk-e.<\/div>\n\t\t<\/div><\/div><div id=\"panel-491-0-0-8\" class=\"so-panel widget widget_text\" data-index=\"8\" ><div class=\"bkg panel-widget-style panel-widget-style-for-491-0-0-8\" ><h3 class=\"widget-title\">Hogyan kell viselkedni a Templomban?<\/h3>\t\t\t<div class=\"textwidget\">A Templomba \u00e9rkez\u00e9s ut\u00e1n illetve a t\u00e1voz\u00e1s el\u0151tt halk im\u00e1ds\u00e1got mondunk. A kezd\u00e9sig j\u00f3, ha cs\u00f6ndben maradunk. N\u00e9m\u00edtsuk el a telefonjainkat. Az ut\u00e1nunk j\u00f6v\u0151nek szeretettel adjunk helyet. A k\u00f6z\u00f6s \u00e9nekben lehet\u0151leg vegy\u00fcnk r\u00e9szt: ne h\u00fazzuk vagy ne siettess\u00fck az \u00e9neket. Im\u00e1ds\u00e1gos l\u00e9lekkel figyelj\u00fcnk az Ig\u00e9re, amelyben Isten hozz\u00e1nk sz\u00f3l s k\u00f6zli vel\u00fcnk akarat\u00e1t, amit \u00e1ltalunk sz\u00e1nd\u00e9kozik megval\u00f3s\u00edtani. Megjegyz\u00e9seinket csak a pr\u00e9dik\u00e1ci\u00f3 ut\u00e1n mondjuk el az igehirdet\u0151nek, vagy egym\u00e1snak. Ne m\u0171\u00e9lvezetet, sz\u00f3rakoz\u00e1st keress\u00fcnk, hanem Ig\u00e9t. Ne t\u00e1vozzunk el az Istentisztelet v\u00e9ge el\u0151tt. Viselj\u00fck el szeretettel azt is, ha a kisgyermekek n\u00e9ha hangoskodnak. \nBibli\u00e1t, \u00e9nekesk\u00f6nyvet, adom\u00e1nyt lehet\u0151leg hozzunk magunkkal. \n\nViselked\u00e9s\u00fcnk nemcsak a templomban kell, hogy megv\u00e1ltozz\u00e9k. Az Ige hat\u00e1s\u00e1t ne engedj\u00fck megrontani se a templom el\u0151tt, se a templom ut\u00e1n kereszty\u00e9nhez nem ill\u0151 besz\u00e9dekkel. Haza\u00e9rve, ha csak tehetj\u00fck, olvassuk el \u00fajra a hallott Ig\u00e9t, s ha van r\u00e1 m\u00f3d, csal\u00e1dunkkal besz\u00e9lgess\u00fcnk a hallottakr\u00f3l. Legy\u00fcnk szeretetrem\u00e9lt\u00f3ak, l\u00e1ss\u00e1k meg rajtunk, hogy J\u00e9zussal voltunk. Eg\u00e9sz h\u00e9ten az Ige ir\u00e1ny\u00edtsa gondolatainkat, munk\u00e1nkat \u00e9s \u00e9let\u00fcnket. T\u00f6rekedj\u00fcnk arra, hogy ne m\u00faljon el vas\u00e1rnap, hogy valaki el\u0151tt hit\u00fcnkr\u0151l bizonys\u00e1got ne tegy\u00fcnk.<\/div>\n\t\t<\/div><\/div><div id=\"panel-491-0-0-9\" class=\"so-panel widget widget_text\" data-index=\"9\" ><div class=\"bkg panel-widget-style panel-widget-style-for-491-0-0-9\" ><h3 class=\"widget-title\">Mi t\u00f6rt\u00e9nik, ha elk\u00e9stem?<\/h3>\t\t\t<div class=\"textwidget\">K\u00e9sz\u00fclj\u00fcnk arra, hogy templomba megy\u00fcnk. Im\u00e1dkozzunk az Ige \u00e1ld\u00e1s\u00e1\u00e9rt, az Ige hirdet\u0151j\u00e9\u00e9rt \u00e9s a gy\u00fclekezet\u00e9rt. Ha lehet, ne k\u00e9ss\u00fcnk el a templomb\u00f3l, mert ez tiszteletlens\u00e9g az Ig\u00e9vel \u00e9s a gy\u00fclekezettel szemben \u00e9s zavarja az \u00e1h\u00edtatot. Ha m\u00e9gis elk\u00e9s\u00fcnk, csak az \u00e9nekl\u00e9s alatt keress\u00fcnk helyet. <\/div>\n\t\t<\/div><\/div><div id=\"panel-491-0-0-10\" class=\"so-panel widget widget_text panel-last-child\" data-index=\"10\" ><div class=\"bkg panel-widget-style panel-widget-style-for-491-0-0-10\" ><h3 class=\"widget-title\">Mire val\u00f3 a perselyp\u00e9nz?<\/h3>\t\t\t<div class=\"textwidget\">A perselyp\u00e9nz: h\u00e1la\u00e1ldozat. Isten ir\u00e1nti h\u00e1l\u00e1b\u00f3l adjuk, az egyh\u00e1z \u00e9s a  gy\u00fclekezet sz\u00fcks\u00e9gleteinek fedez\u00e9s\u00e9re. Ne haladjunk el r\u00e9szv\u00e9tlen\u00fcl a persely mellett, mert az Istentisztelet\u00fcnk \u00e1ldozat n\u00e9lk\u00fcl csonka marad.<\/div>\n\t\t<\/div><\/div><\/div><\/div><\/div>","protected":false},"excerpt":{"rendered":"<p>&#8220;Eml\u00e9kezz meg a nyugalom napj\u00e1r\u00f3l, \u00e9s szenteld meg azt!&#8221; M\u00f3zes m\u00e1sodik k\u00f6nyve 20,8\u00a0 Isten a hetedik napot a mag\u00e1\u00e9nak k\u00edv\u00e1nja. Az \u00dar hajl\u00e9ka nem arra val\u00f3, hogy \u00fcresen \u00e1lljon, hanem arra, hogy benne rendszeresen dics\u00e9rj\u00fck az Urat. Nem, mintha Isten k\u00e9zzel csin\u00e1lt templomokban lakna. De J\u00e9zus Krisztus \u00e1ltal meghagyta nek\u00fcnk, hogy tegy\u00fcnk tan\u00edtv\u00e1nny\u00e1 minden n\u00e9pet;&hellip;<\/p>\n","protected":false},"author":7,"featured_media":0,"parent":0,"menu_order":0,"comment_status":"closed","ping_status":"closed","template":"","meta":[],"acf":[],"_links":{"self":[{"href":"https:\/\/kkre.hu\/wpm\/wp-json\/wp\/v2\/pages\/491"}],"collection":[{"href":"https:\/\/kkre.hu\/wpm\/wp-json\/wp\/v2\/pages"}],"about":[{"href":"https:\/\/kkre.hu\/wpm\/wp-json\/wp\/v2\/types\/page"}],"author":[{"embeddable":true,"href":"https:\/\/kkre.hu\/wpm\/wp-json\/wp\/v2\/users\/7"}],"replies":[{"embeddable":true,"href":"https:\/\/kkre.hu\/wpm\/wp-json\/wp\/v2\/comments?post=491"}],"version-history":[{"count":8,"href":"https:\/\/kkre.hu\/wpm\/wp-json\/wp\/v2\/pages\/491\/revisions"}],"predecessor-version":[{"id":12274,"href":"https:\/\/kkre.hu\/wpm\/wp-json\/wp\/v2\/pages\/491\/revisions\/12274"}],"wp:attachment":[{"href":"https:\/\/kkre.hu\/wpm\/wp-json\/wp\/v2\/media?parent=491"}],"curies":[{"name":"wp","href":"https:\/\/api.w.org\/{rel}","templated":true}]}}